{"id":14,"date":"2024-02-26T14:46:01","date_gmt":"2024-02-26T13:46:01","guid":{"rendered":"https:\/\/delahuerta.art\/pagina-ejemplo\/"},"modified":"2024-07-05T12:58:06","modified_gmt":"2024-07-05T10:58:06","slug":"inici","status":"publish","type":"page","link":"https:\/\/delahuerta.art\/ca\/","title":{"rendered":"Inicio"},"content":{"rendered":"<h1>DJ.PANKO presenta DELAHUERTA<\/h1>\n<div>\n<p>M\u00fasica org\u00e0nica a partir dels sons d\u2019animalsb<br \/>Produ\u00eft per Dj. Panko<\/p>\n<\/div>\n<div>\n<p><strong>Delahuerta<\/strong>, el nou projecte de <strong>DJ.Panko<\/strong>, narra l&#8217;aventura de la seva hist\u00f2ria de vida personal, de la migraci\u00f3 cap a un entorn rural des de la mateixa Ciutat Vella, -cor de la Barcelona intercultural-, de la tranquil\u00b7litat, de la naturalesa, del so dels ocells i de la passi\u00f3 per l&#8217;agricultura.<\/p>\n<\/div>\n<p><img decoding=\"async\" src=\"\/wp-content\/uploads\/2024\/03\/crowdfunding-06.jpg\" alt=\"\"><\/p>\n<div>\n<p>    <iframe style=\"border: 0; width: 350px; height: 786px;\" src=\"https:\/\/bandcamp.com\/EmbeddedPlayer\/album=2711668506\/size=large\/bgcol=ffffff\/linkcol=0687f5\/transparent=true\/\" seamless><a href=\"https:\/\/delahuerta.bandcamp.com\/album\/delahuerta\">Delahuerta by Delahuerta<\/a><\/iframe>\n<\/div>\n<p><!--more--><br \/>\n<!-- {\"type\":\"layout\",\"children\":[{\"type\":\"section\",\"props\":{\"height\":\"viewport\",\"height_offset_top\":true,\"image_loading\":true,\"image_position\":\"center-center\",\"image_size\":\"cover\",\"padding\":\"none\",\"style\":\"default\",\"title_breakpoint\":\"xl\",\"title_position\":\"top-left\",\"title_rotation\":\"left\",\"vertical_align\":\"middle\",\"video\":\"https:\\\/\\\/delahuerta.art\\\/wp-content\\\/uploads\\\/2024\\\/03\\\/delahuerta.mp4\",\"video_height\":\"1080\",\"video_width\":\"1920\",\"width\":\"\"},\"children\":[{\"type\":\"row\",\"children\":[{\"type\":\"column\",\"props\":{\"image_position\":\"center-center\",\"position_sticky_breakpoint\":\"m\"}}]}]},{\"type\":\"section\",\"props\":{\"image_position\":\"center-center\",\"style\":\"default\",\"title_breakpoint\":\"xl\",\"title_position\":\"top-left\",\"title_rotation\":\"left\",\"vertical_align\":\"middle\",\"width\":\"default\"},\"children\":[{\"type\":\"row\",\"children\":[{\"type\":\"column\",\"props\":{\"image_position\":\"center-center\",\"position_sticky_breakpoint\":\"m\",\"width_medium\":\"3-5\"},\"children\":[{\"type\":\"headline\",\"props\":{\"content\":\"DJ.PANKO presenta DELAHUERTA\",\"title_element\":\"h1\"}},{\"type\":\"text\",\"props\":{\"column_breakpoint\":\"m\",\"content\":\"\n\n<p>M\\u00fasica org\\u00e0nica a partir dels sons d\\u2019animalsb<br \\\/>Produ\\u00eft per Dj. Panko<\\\/p>\",\"margin\":\"default\"}},{\"type\":\"text\",\"props\":{\"column_breakpoint\":\"m\",\"content\":\"\n\n<p><strong>Delahuerta<\\\/strong>, el nou projecte de <strong>DJ.Panko<\\\/strong>, narra l'aventura de la seva hist\\u00f2ria de vida personal, de la migraci\\u00f3 cap a un entorn rural des de la mateixa Ciutat Vella, -cor de la Barcelona intercultural-, de la tranquil\\u00b7litat, de la naturalesa, del so dels ocells i de la passi\\u00f3 per l'agricultura.<\\\/p>\",\"margin\":\"default\"}},{\"type\":\"image\",\"props\":{\"image\":\"wp-content\\\/uploads\\\/2024\\\/03\\\/crowdfunding-06.jpg\",\"image_svg_color\":\"emphasis\",\"margin\":\"default\"}}]},{\"type\":\"column\",\"props\":{\"image_position\":\"center-center\",\"position_sticky_breakpoint\":\"m\",\"width_medium\":\"2-5\"},\"children\":[{\"type\":\"html\",\"props\":{\"content\":\"<iframe style=\\\"border: 0; width: 350px; height: 786px;\\\" src=\\\"https:\\\/\\\/bandcamp.com\\\/EmbeddedPlayer\\\/album=2711668506\\\/size=large\\\/bgcol=ffffff\\\/linkcol=0687f5\\\/transparent=true\\\/\\\" seamless><a href=\\\"https:\\\/\\\/delahuerta.bandcamp.com\\\/album\\\/delahuerta\\\">Delahuerta by Delahuerta<\\\/a><\\\/iframe>\"}}]}],\"props\":{\"layout\":\"3-5,2-5\"}}]}],\"version\":\"4.3.13\"} --><\/p>\n","protected":false},"excerpt":{"rendered":"<p>DJ.PANKO presenta DELAHUERTA M\u00fasica org\u00e0nica a partir dels sons d\u2019animalsbProdu\u00eft per Dj. Panko Delahuerta, el nou projecte de DJ.Panko, narra l&#8217;aventura de la seva hist\u00f2ria de vida personal, de la migraci\u00f3 cap a un entorn rural des de la mateixa Ciutat Vella, -cor de la Barcelona intercultural-, de la tranquil\u00b7litat, de la naturalesa, del so [&hellip;]<\/p>\n","protected":false},"author":1,"featured_media":0,"parent":0,"menu_order":0,"comment_status":"closed","ping_status":"closed","template":"","meta":{"_acf_changed":false,"footnotes":""},"class_list":["post-14","page","type-page","status-publish","hentry"],"acf":[],"yoast_head":"<!-- This site is optimized with the Yoast SEO plugin v27.0 - https:\/\/yoast.com\/product\/yoast-seo-wordpress\/ -->\n<title>Inicio - Delahuerta<\/title>\n<meta name=\"robots\" content=\"index, follow, max-snippet:-1, max-image-preview:large, max-video-preview:-1\" \/>\n<link rel=\"canonical\" href=\"https:\/\/delahuerta.art\/ca\/\" \/>\n<meta name=\"twitter:label1\" content=\"Temps estimat de lectura\" \/>\n\t<meta name=\"twitter:data1\" content=\"1 minut\" \/>\n<script type=\"application\/ld+json\" class=\"yoast-schema-graph\">{\"@context\":\"https:\/\/schema.org\",\"@graph\":[{\"@type\":\"WebPage\",\"@id\":\"https:\/\/delahuerta.art\/ca\/\",\"url\":\"https:\/\/delahuerta.art\/ca\/\",\"name\":\"Inicio - Delahuerta\",\"isPartOf\":{\"@id\":\"https:\/\/delahuerta.art\/ca\/#website\"},\"datePublished\":\"2024-02-26T13:46:01+00:00\",\"dateModified\":\"2024-07-05T10:58:06+00:00\",\"breadcrumb\":{\"@id\":\"https:\/\/delahuerta.art\/ca\/#breadcrumb\"},\"inLanguage\":\"ca\",\"potentialAction\":[{\"@type\":\"ReadAction\",\"target\":[\"https:\/\/delahuerta.art\/ca\/\"]}]},{\"@type\":\"BreadcrumbList\",\"@id\":\"https:\/\/delahuerta.art\/ca\/#breadcrumb\",\"itemListElement\":[{\"@type\":\"ListItem\",\"position\":1,\"name\":\"Portada\",\"item\":\"https:\/\/delahuerta.art\/ca\/\"},{\"@type\":\"ListItem\",\"position\":2,\"name\":\"Inicio\"}]},{\"@type\":\"WebSite\",\"@id\":\"https:\/\/delahuerta.art\/ca\/#website\",\"url\":\"https:\/\/delahuerta.art\/ca\/\",\"name\":\"Delahuerta\",\"description\":\"\",\"publisher\":{\"@id\":\"https:\/\/delahuerta.art\/ca\/#organization\"},\"potentialAction\":[{\"@type\":\"SearchAction\",\"target\":{\"@type\":\"EntryPoint\",\"urlTemplate\":\"https:\/\/delahuerta.art\/ca\/?s={search_term_string}\"},\"query-input\":{\"@type\":\"PropertyValueSpecification\",\"valueRequired\":true,\"valueName\":\"search_term_string\"}}],\"inLanguage\":\"ca\"},{\"@type\":\"Organization\",\"@id\":\"https:\/\/delahuerta.art\/ca\/#organization\",\"name\":\"Delahuerta\",\"url\":\"https:\/\/delahuerta.art\/ca\/\",\"logo\":{\"@type\":\"ImageObject\",\"inLanguage\":\"ca\",\"@id\":\"https:\/\/delahuerta.art\/ca\/#\/schema\/logo\/image\/\",\"url\":\"https:\/\/delahuerta.art\/wp-content\/uploads\/2024\/02\/delahuerta-logo.jpg\",\"contentUrl\":\"https:\/\/delahuerta.art\/wp-content\/uploads\/2024\/02\/delahuerta-logo.jpg\",\"width\":577,\"height\":192,\"caption\":\"Delahuerta\"},\"image\":{\"@id\":\"https:\/\/delahuerta.art\/ca\/#\/schema\/logo\/image\/\"},\"sameAs\":[\"https:\/\/www.instagram.com\/delahuerta.dj.panko\",\"https:\/\/soundcloud.com\/dj-panko\"]}]}<\/script>\n<!-- \/ Yoast SEO plugin. -->","yoast_head_json":{"title":"Inicio - Delahuerta","robots":{"index":"index","follow":"follow","max-snippet":"max-snippet:-1","max-image-preview":"max-image-preview:large","max-video-preview":"max-video-preview:-1"},"canonical":"https:\/\/delahuerta.art\/ca\/","twitter_misc":{"Temps estimat de lectura":"1 minut"},"schema":{"@context":"https:\/\/schema.org","@graph":[{"@type":"WebPage","@id":"https:\/\/delahuerta.art\/ca\/","url":"https:\/\/delahuerta.art\/ca\/","name":"Inicio - Delahuerta","isPartOf":{"@id":"https:\/\/delahuerta.art\/ca\/#website"},"datePublished":"2024-02-26T13:46:01+00:00","dateModified":"2024-07-05T10:58:06+00:00","breadcrumb":{"@id":"https:\/\/delahuerta.art\/ca\/#breadcrumb"},"inLanguage":"ca","potentialAction":[{"@type":"ReadAction","target":["https:\/\/delahuerta.art\/ca\/"]}]},{"@type":"BreadcrumbList","@id":"https:\/\/delahuerta.art\/ca\/#breadcrumb","itemListElement":[{"@type":"ListItem","position":1,"name":"Portada","item":"https:\/\/delahuerta.art\/ca\/"},{"@type":"ListItem","position":2,"name":"Inicio"}]},{"@type":"WebSite","@id":"https:\/\/delahuerta.art\/ca\/#website","url":"https:\/\/delahuerta.art\/ca\/","name":"Delahuerta","description":"","publisher":{"@id":"https:\/\/delahuerta.art\/ca\/#organization"},"potentialAction":[{"@type":"SearchAction","target":{"@type":"EntryPoint","urlTemplate":"https:\/\/delahuerta.art\/ca\/?s={search_term_string}"},"query-input":{"@type":"PropertyValueSpecification","valueRequired":true,"valueName":"search_term_string"}}],"inLanguage":"ca"},{"@type":"Organization","@id":"https:\/\/delahuerta.art\/ca\/#organization","name":"Delahuerta","url":"https:\/\/delahuerta.art\/ca\/","logo":{"@type":"ImageObject","inLanguage":"ca","@id":"https:\/\/delahuerta.art\/ca\/#\/schema\/logo\/image\/","url":"https:\/\/delahuerta.art\/wp-content\/uploads\/2024\/02\/delahuerta-logo.jpg","contentUrl":"https:\/\/delahuerta.art\/wp-content\/uploads\/2024\/02\/delahuerta-logo.jpg","width":577,"height":192,"caption":"Delahuerta"},"image":{"@id":"https:\/\/delahuerta.art\/ca\/#\/schema\/logo\/image\/"},"sameAs":["https:\/\/www.instagram.com\/delahuerta.dj.panko","https:\/\/soundcloud.com\/dj-panko"]}]}},"_links":{"self":[{"href":"https:\/\/delahuerta.art\/ca\/wp-json\/wp\/v2\/pages\/14","targetHints":{"allow":["GET"]}}],"collection":[{"href":"https:\/\/delahuerta.art\/ca\/wp-json\/wp\/v2\/pages"}],"about":[{"href":"https:\/\/delahuerta.art\/ca\/wp-json\/wp\/v2\/types\/page"}],"author":[{"embeddable":true,"href":"https:\/\/delahuerta.art\/ca\/wp-json\/wp\/v2\/users\/1"}],"replies":[{"embeddable":true,"href":"https:\/\/delahuerta.art\/ca\/wp-json\/wp\/v2\/comments?post=14"}],"version-history":[{"count":5,"href":"https:\/\/delahuerta.art\/ca\/wp-json\/wp\/v2\/pages\/14\/revisions"}],"predecessor-version":[{"id":613,"href":"https:\/\/delahuerta.art\/ca\/wp-json\/wp\/v2\/pages\/14\/revisions\/613"}],"wp:attachment":[{"href":"https:\/\/delahuerta.art\/ca\/wp-json\/wp\/v2\/media?parent=14"}],"curies":[{"name":"wp","href":"https:\/\/api.w.org\/{rel}","templated":true}]}}