{"id":619,"date":"2024-05-22T08:17:40","date_gmt":"2024-05-22T06:17:40","guid":{"rendered":"https:\/\/delahuerta.art\/lanzamientos\/"},"modified":"2024-07-05T15:34:56","modified_gmt":"2024-07-05T13:34:56","slug":"llancaments","status":"publish","type":"page","link":"https:\/\/delahuerta.art\/ca\/llancaments\/","title":{"rendered":"Llan\u00e7aments"},"content":{"rendered":"<div>\n<p>    <iframe style=\"border: 0; width: 350px; height: 621px;\" src=\"https:\/\/bandcamp.com\/EmbeddedPlayer\/album=2370724156\/size=large\/bgcol=ffffff\/linkcol=de270f\/transparent=true\/\" seamless><a href=\"https:\/\/delahuerta.bandcamp.com\/album\/t-rtolas-remixes\">T\u00f3rtolas (Remixes) by Delahuerta<\/a><\/iframe>\n<\/div>\n<h3>Delahuerta &#8211; T\u00f3rtolas (Remixes)<\/h3>\n<h5>[Folcore 145]<\/h5>\n<div>\n<p>1. T\u00f3rtolas ft. M\u00fb Mbana<br \/>2. T\u00f3rtolas (Laiz\u00e4 Vocal Mix)<br \/>3. T\u00f3rtolas (Ruido Selecto Remix)<br \/>4. T\u00f3rtolas (Terrae Remix)<br \/>5. T\u00f3rtolas (MiRET REmix)<\/p>\n<div id=\"simple-translate\" class=\"simple-translate-system-theme\">\n<div>\n<div style=\"background-image: url('moz-extension:\/\/f7f9ff60-5cc6-41a0-ab3f-c66f60bbc0c6\/icons\/512.png'); height: 22px; width: 22px; top: 270px; left: 123px;\" class=\"simple-translate-button isShow\"><\/div>\n<div class=\"simple-translate-panel \" style=\"width: 300px; height: 200px; top: 0px; left: 0px; font-size: 13px;\">\n<div class=\"simple-translate-result-wrapper\" style=\"overflow: hidden;\">\n<div class=\"simple-translate-move\" draggable=\"true\"><\/div>\n<div class=\"simple-translate-result-contents\">\n<p class=\"simple-translate-result\" dir=\"auto\">\n<p class=\"simple-translate-candidate\" dir=\"auto\">\n<\/div>\n<\/div>\n<\/div>\n<\/div>\n<\/div>\n<\/div>\n<hr>\n<div>\n<p>&#8220;\u2026El sonido de las T\u00f3rtolas revoloteando encima de mi casa indica la llegada del buen tiempo&#8230; Regresan en primavera y siempre vuelan a crear el nido en el mismo lugar del a\u00f1o anterior. Su sonido con ritmo continuado me inspira tranquilidad&#8230; calma&#8230; paz&#8230; un gran regalo en los tiempos que vivimos. \u2026&#8221; \u2014 DJ.Panko<\/p>\n<\/div>\n<hr>\n<div>\n<p>    <iframe style=\"border: 0; width: 350px; height: 621px;\" src=\"https:\/\/bandcamp.com\/EmbeddedPlayer\/album=2711668506\/size=large\/bgcol=ffffff\/linkcol=de270f\/transparent=true\/tracklist=true\/\" seamless><a href=\"https:\/\/delahuerta.bandcamp.com\/album\/delahuerta\">Delahuerta by Delahuerta<\/a><\/iframe>\n<\/div>\n<h3>Delahuerta &#8211; Delahuerta<\/h3>\n<h5>[PRE-ORDER]<\/h5>\n<div>\n<p><strong>1. T\u00f3rtolas (download\/descarga)<\/strong><br \/>2. Oriol<br \/><strong>3. Mirlo<\/strong> <strong>(download\/descarga)<\/strong><br \/>4. B\u00faho\u00a0\u00a0<br \/>5. Cuervo<br \/>6. Grillo<br \/>7. Puput<br \/>8. Pitroig<br \/>9. Gallo\u00a0\u00a0<br \/>10. \u00c1guila<br \/>11. Rossinyol<\/p>\n<\/div>\n<hr>\n<div>\n<p>&#8220;\u2026Mientras trabajaba la tierra me encontraba rodeado de los sonidos de p\u00e1jaros e insectos a los que me dedique a grabar. El Mirlo,el Pitroig, las Tortolas y otras aves eran mi banda sonora y tras importar esos audios, sin m\u00e1s pretensi\u00f3n que investigar con ellos, empec\u00e9 a producir temas. Cuando ya ten\u00eda varios temas empec\u00e9 a compartirlos con otros amigos m\u00fasicos que al igual que yo se encontraban encerrados sin poder trabajar\u2026 Y llegaron las colaboraciones\u2026&#8221; \u2014 DJ.Panko<\/p>\n<\/div>\n<hr>\n<div>\n<p>    <iframe style=\"border: 0; width: 350px; height: 588px;\" src=\"https:\/\/bandcamp.com\/EmbeddedPlayer\/album=2437072290\/size=large\/bgcol=ffffff\/linkcol=de270f\/transparent=true\/\" seamless><a href=\"https:\/\/delahuerta.bandcamp.com\/album\/mirlo-remixes\">Mirlo (Remixes) by Delahuerta<\/a><\/iframe>\n<\/div>\n<h3>Delahuerta &#8211; Mirlo (Remixes)<\/h3>\n<h5>[Folcore 142]<\/h5>\n<ul>\n<li>\n<div>Mirlo (Album version)<\/div>\n<\/li>\n<li>\n<div>Mirlo (Sonikgroove Remix)<\/div>\n<\/li>\n<li>\n<div>Mirlo (DJ Panko remix)<\/div>\n<\/li>\n<li>\n<div>Mirlo (Professor Angel Dust remix)<\/div>\n<\/li>\n<\/ul>\n<hr>\n<div>\n<p>En la huerta viene a deleitarse de mis aliados, los gusanos, y a cambio de unos pocos me agradecen con sus canciones cuando en el bosque no hay alimento.<\/p>\n<p>La principal se\u00f1al de identidad del Mirlo es su canto, el m\u00e1s mel\u00f3dico que existe son cantantes nocturnos y del amanecer, y han sido inspiraci\u00f3n de m\u00faltiples canciones<\/p>\n<p>Le gusta el silencio, para as\u00ed marcar mejor el territorio con su canto y comunicarse.<\/p>\n<p>Durante la pandemia, gracias al silencio, se escuchaba su canto con claridad. Este fue uno de los primeros p\u00e1jaros con los que inici\u00e9 este experimento musical y se lo quiero dedicar a mi hermano Artur, que ya est\u00e1 volando con los pajaritos, pintando puestas de sol y restaurando el cielo\u2026<\/p>\n<p>Este tema empez\u00f3 con una base electr\u00f3nica, jugando con una marimba que me regal\u00f3 Xavi Turull, y su evoluci\u00f3n con las aportaciones de los m\u00fasicos ha sido incre\u00edble\u2026 El primero fue Zoltan Lantos, maestro del viol\u00edn y colaborador en Ojos de Brujo y Nadir. Ha sido un placer contar con sus preciosas melod\u00edas. Adem\u00e1s, Antonio Restucci, uno de los m\u00e1s importantes solistas chilenos en la m\u00fasica de fusi\u00f3n. Ha aportado su Mandola en este tema con sutil delicadeza. Tambi\u00e9n M\u00edmis Nikolopoulos, guitarrista y compositor con el que he tenido la suerte de colaborar en varios proyectos. \u00c9l es el responsable de los metales junto a Kostas Batzilas, trayendonos un aire balcanico desde el norte de Grecia, y la percusi\u00f3n de Cid Tavaglia. Wellington Coelho y Morgan Stern, aportando el groove brasile\u00f1o junto a Gyan Singh, desde New Delhi, virtuoso percusionista de las tablas.<\/p>\n<\/div>\n<p><!--more--><br \/>\n<!-- {\"type\":\"layout\",\"children\":[{\"type\":\"section\",\"props\":{\"image_position\":\"center-center\",\"style\":\"default\",\"title_breakpoint\":\"xl\",\"title_position\":\"top-left\",\"title_rotation\":\"left\",\"vertical_align\":\"middle\",\"width\":\"default\"},\"children\":[{\"type\":\"row\",\"children\":[{\"type\":\"column\",\"props\":{\"image_position\":\"center-center\",\"position_sticky_breakpoint\":\"m\"},\"children\":[{\"type\":\"headline\",\"props\":{\"title_element\":\"h1\"},\"source\":{\"query\":{\"name\":\"pages.singlePage\"},\"props\":{\"content\":{\"filters\":{\"search\":\"\"},\"name\":\"title\"}}}}]}]},{\"type\":\"row\",\"props\":{\"layout\":\"1-3,2-3\"},\"children\":[{\"type\":\"column\",\"props\":{\"image_position\":\"center-center\",\"position_sticky_breakpoint\":\"m\",\"width_medium\":\"1-3\"},\"children\":[{\"type\":\"html\",\"props\":{\"content\":\"<iframe style=\\\"border: 0; width: 350px; height: 621px;\\\" src=\\\"https:\\\/\\\/bandcamp.com\\\/EmbeddedPlayer\\\/album=2370724156\\\/size=large\\\/bgcol=ffffff\\\/linkcol=de270f\\\/transparent=true\\\/\\\" seamless><a href=\\\"https:\\\/\\\/delahuerta.bandcamp.com\\\/album\\\/t-rtolas-remixes\\\">T\\u00f3rtolas (Remixes) by Delahuerta<\\\/a><\\\/iframe>\"}}]},{\"type\":\"column\",\"props\":{\"image_position\":\"center-center\",\"position_sticky_breakpoint\":\"m\",\"width_medium\":\"2-3\"},\"children\":[{\"type\":\"headline\",\"props\":{\"content\":\"Delahuerta - T\\u00f3rtolas (Remixes)\",\"margin_remove_bottom\":true,\"title_element\":\"h3\"}},{\"type\":\"headline\",\"props\":{\"content\":\"[Folcore 145]\",\"margin_remove_top\":true,\"title_element\":\"h5\"}},{\"type\":\"text\",\"props\":{\"column_breakpoint\":\"m\",\"content\":\"\n\n<p>1. T\\u00f3rtolas ft. M\\u00fb Mbana<br \\\/>2. T\\u00f3rtolas (Laiz\\u00e4 Vocal Mix)<br \\\/>3. T\\u00f3rtolas (Ruido Selecto Remix)<br \\\/>4. T\\u00f3rtolas (Terrae Remix)<br \\\/>5. T\\u00f3rtolas (MiRET REmix)<\\\/p>\\n\n\n<div id=\\\"simple-translate\\\" class=\\\"simple-translate-system-theme\\\">\\n\n\n<div>\\n\n\n<div style=\\\"background-image: url('moz-extension:\\\/\\\/f7f9ff60-5cc6-41a0-ab3f-c66f60bbc0c6\\\/icons\\\/512.png'); height: 22px; width: 22px; top: 270px; left: 123px;\\\" class=\\\"simple-translate-button isShow\\\"><\\\/div>\\n\n\n<div class=\\\"simple-translate-panel \\\" style=\\\"width: 300px; height: 200px; top: 0px; left: 0px; font-size: 13px;\\\">\\n\n\n<div class=\\\"simple-translate-result-wrapper\\\" style=\\\"overflow: hidden;\\\">\\n\n\n<div class=\\\"simple-translate-move\\\" draggable=\\\"true\\\"><\\\/div>\\n\n\n<div class=\\\"simple-translate-result-contents\\\">\\n\n\n<p class=\\\"simple-translate-result\\\" dir=\\\"auto\\\"><\\\/p>\\n\n\n<p class=\\\"simple-translate-candidate\\\" dir=\\\"auto\\\"><\\\/p>\\n<\\\/div>\\n<\\\/div>\\n<\\\/div>\\n<\\\/div>\\n<\\\/div>\",\"margin\":\"default\"}},{\"type\":\"divider\",\"props\":{\"divider_element\":\"hr\"}},{\"type\":\"text\",\"props\":{\"column_breakpoint\":\"m\",\"content\":\"\n\n<p>\\\"\\u2026El sonido de las T\\u00f3rtolas revoloteando encima de mi casa indica la llegada del buen tiempo... Regresan en primavera y siempre vuelan a crear el nido en el mismo lugar del a\\u00f1o anterior. Su sonido con ritmo continuado me inspira tranquilidad... calma... paz... un gran regalo en los tiempos que vivimos. \\u2026\\\" \\u2014 DJ.Panko<\\\/p>\",\"margin\":\"default\"}}]}]},{\"type\":\"row\",\"children\":[{\"type\":\"column\",\"props\":{\"image_position\":\"center-center\",\"position_sticky_breakpoint\":\"m\"},\"children\":[{\"type\":\"divider\",\"props\":{\"divider_element\":\"hr\",\"divider_style\":\"icon\"}}]}]},{\"type\":\"row\",\"props\":{\"layout\":\"1-3,2-3\"},\"children\":[{\"type\":\"column\",\"props\":{\"image_position\":\"center-center\",\"position_sticky_breakpoint\":\"m\",\"width_medium\":\"1-3\"},\"children\":[{\"type\":\"html\",\"props\":{\"content\":\"<iframe style=\\\"border: 0; width: 350px; height: 621px;\\\" src=\\\"https:\\\/\\\/bandcamp.com\\\/EmbeddedPlayer\\\/album=2711668506\\\/size=large\\\/bgcol=ffffff\\\/linkcol=de270f\\\/transparent=true\\\/tracklist=true\\\/\\\" seamless><a href=\\\"https:\\\/\\\/delahuerta.bandcamp.com\\\/album\\\/delahuerta\\\">Delahuerta by Delahuerta<\\\/a><\\\/iframe>\"}}]},{\"type\":\"column\",\"props\":{\"image_position\":\"center-center\",\"position_sticky_breakpoint\":\"m\",\"width_medium\":\"2-3\"},\"children\":[{\"type\":\"headline\",\"props\":{\"content\":\"Delahuerta - Delahuerta\",\"margin_remove_bottom\":true,\"title_element\":\"h3\"}},{\"type\":\"headline\",\"props\":{\"content\":\"[PRE-ORDER]\",\"margin_remove_top\":true,\"title_element\":\"h5\"}},{\"type\":\"text\",\"props\":{\"column_breakpoint\":\"m\",\"content\":\"\n\n<p><strong>1. T\\u00f3rtolas (download\\\/descarga)<\\\/strong><br \\\/>2. Oriol<br \\\/><strong>3. Mirlo<\\\/strong> <strong>(download\\\/descarga)<\\\/strong><br \\\/>4. B\\u00faho\\u00a0\\u00a0<br \\\/>5. Cuervo<br \\\/>6. Grillo<br \\\/>7. Puput<br \\\/>8. Pitroig<br \\\/>9. Gallo\\u00a0\\u00a0<br \\\/>10. \\u00c1guila<br \\\/>11. Rossinyol<\\\/p>\",\"margin\":\"default\"}},{\"type\":\"divider\",\"props\":{\"divider_element\":\"hr\"}},{\"type\":\"text\",\"props\":{\"column_breakpoint\":\"m\",\"content\":\"\n\n<p>\\\"\\u2026Mientras trabajaba la tierra me encontraba rodeado de los sonidos de p\\u00e1jaros e insectos a los que me dedique a grabar. El Mirlo,el Pitroig, las Tortolas y otras aves eran mi banda sonora y tras importar esos audios, sin m\\u00e1s pretensi\\u00f3n que investigar con ellos, empec\\u00e9 a producir temas. Cuando ya ten\\u00eda varios temas empec\\u00e9 a compartirlos con otros amigos m\\u00fasicos que al igual que yo se encontraban encerrados sin poder trabajar\\u2026 Y llegaron las colaboraciones\\u2026\\\" \\u2014 DJ.Panko<\\\/p>\",\"margin\":\"default\"}}]}]},{\"type\":\"row\",\"children\":[{\"type\":\"column\",\"props\":{\"image_position\":\"center-center\",\"position_sticky_breakpoint\":\"m\"},\"children\":[{\"type\":\"divider\",\"props\":{\"divider_element\":\"hr\",\"divider_style\":\"icon\"}}]}]},{\"type\":\"row\",\"props\":{\"layout\":\"1-3,2-3\"},\"children\":[{\"type\":\"column\",\"props\":{\"image_position\":\"center-center\",\"position_sticky_breakpoint\":\"m\",\"width_medium\":\"1-3\"},\"children\":[{\"type\":\"html\",\"props\":{\"content\":\"<iframe style=\\\"border: 0; width: 350px; height: 588px;\\\" src=\\\"https:\\\/\\\/bandcamp.com\\\/EmbeddedPlayer\\\/album=2437072290\\\/size=large\\\/bgcol=ffffff\\\/linkcol=de270f\\\/transparent=true\\\/\\\" seamless><a href=\\\"https:\\\/\\\/delahuerta.bandcamp.com\\\/album\\\/mirlo-remixes\\\">Mirlo (Remixes) by Delahuerta<\\\/a><\\\/iframe>\"}}]},{\"type\":\"column\",\"props\":{\"image_position\":\"center-center\",\"position_sticky_breakpoint\":\"m\",\"width_medium\":\"2-3\"},\"children\":[{\"type\":\"headline\",\"props\":{\"content\":\"Delahuerta - Mirlo (Remixes)\",\"margin_remove_bottom\":true,\"title_element\":\"h3\"}},{\"type\":\"headline\",\"props\":{\"content\":\"[Folcore 142]\",\"margin_remove_top\":true,\"title_element\":\"h5\"}},{\"type\":\"list\",\"props\":{\"column_breakpoint\":\"m\",\"image_align\":\"left\",\"image_svg_color\":\"emphasis\",\"image_vertical_align\":true,\"list_element\":\"ol\",\"list_horizontal_separator\":\", \",\"list_marker\":\"decimal\",\"list_type\":\"vertical\",\"show_image\":true,\"show_link\":true},\"children\":[{\"type\":\"list_item\",\"props\":{\"content\":\"Mirlo (Album version)\"}},{\"type\":\"list_item\",\"props\":{\"content\":\"Mirlo (Sonikgroove Remix)\"}},{\"type\":\"list_item\",\"props\":{\"content\":\"Mirlo (DJ Panko remix)\"}},{\"type\":\"list_item\",\"props\":{\"content\":\"Mirlo (Professor Angel Dust remix)\"}}]},{\"type\":\"divider\",\"props\":{\"divider_element\":\"hr\"}},{\"type\":\"text\",\"props\":{\"column_breakpoint\":\"m\",\"content\":\"\n\n<p>En la huerta viene a deleitarse de mis aliados, los gusanos, y a cambio de unos pocos me agradecen con sus canciones cuando en el bosque no hay alimento.<\\\/p>\\n\n\n<p>La principal se\\u00f1al de identidad del Mirlo es su canto, el m\\u00e1s mel\\u00f3dico que existe son cantantes nocturnos y del amanecer, y han sido inspiraci\\u00f3n de m\\u00faltiples canciones<\\\/p>\\n\n\n<p>Le gusta el silencio, para as\\u00ed marcar mejor el territorio con su canto y comunicarse.<\\\/p>\\n\n\n<p>Durante la pandemia, gracias al silencio, se escuchaba su canto con claridad. Este fue uno de los primeros p\\u00e1jaros con los que inici\\u00e9 este experimento musical y se lo quiero dedicar a mi hermano Artur, que ya est\\u00e1 volando con los pajaritos, pintando puestas de sol y restaurando el cielo\\u2026<\\\/p>\\n\n\n<p>Este tema empez\\u00f3 con una base electr\\u00f3nica, jugando con una marimba que me regal\\u00f3 Xavi Turull, y su evoluci\\u00f3n con las aportaciones de los m\\u00fasicos ha sido incre\\u00edble\\u2026 El primero fue Zoltan Lantos, maestro del viol\\u00edn y colaborador en Ojos de Brujo y Nadir. Ha sido un placer contar con sus preciosas melod\\u00edas. Adem\\u00e1s, Antonio Restucci, uno de los m\\u00e1s importantes solistas chilenos en la m\\u00fasica de fusi\\u00f3n. Ha aportado su Mandola en este tema con sutil delicadeza. Tambi\\u00e9n M\\u00edmis Nikolopoulos, guitarrista y compositor con el que he tenido la suerte de colaborar en varios proyectos. \\u00c9l es el responsable de los metales junto a Kostas Batzilas, trayendonos un aire balcanico desde el norte de Grecia, y la percusi\\u00f3n de Cid Tavaglia. Wellington Coelho y Morgan Stern, aportando el groove brasile\\u00f1o junto a Gyan Singh, desde New Delhi, virtuoso percusionista de las tablas.<\\\/p>\",\"margin\":\"default\"}}]}]}]}],\"version\":\"4.3.13\"} --><\/p>\n","protected":false},"excerpt":{"rendered":"<p>T\u00f3rtolas (Remixes) by Delahuerta Delahuerta &#8211; T\u00f3rtolas (Remixes) [Folcore 145] 1. T\u00f3rtolas ft. M\u00fb Mbana2. T\u00f3rtolas (Laiz\u00e4 Vocal Mix)3. T\u00f3rtolas (Ruido Selecto Remix)4. T\u00f3rtolas (Terrae Remix)5. T\u00f3rtolas (MiRET REmix) &#8220;\u2026El sonido de las T\u00f3rtolas revoloteando encima de mi casa indica la llegada del buen tiempo&#8230; Regresan en primavera y siempre vuelan a crear el nido [&hellip;]<\/p>\n","protected":false},"author":1,"featured_media":0,"parent":0,"menu_order":0,"comment_status":"closed","ping_status":"closed","template":"","meta":{"_acf_changed":false,"footnotes":""},"class_list":["post-619","page","type-page","status-publish","hentry"],"acf":[],"yoast_head":"<!-- This site is optimized with the Yoast SEO plugin v27.0 - https:\/\/yoast.com\/product\/yoast-seo-wordpress\/ -->\n<title>Llan\u00e7aments - Delahuerta<\/title>\n<meta name=\"robots\" content=\"index, follow, max-snippet:-1, max-image-preview:large, max-video-preview:-1\" \/>\n<link rel=\"canonical\" href=\"https:\/\/delahuerta.art\/ca\/llancaments\/\" \/>\n<script type=\"application\/ld+json\" class=\"yoast-schema-graph\">{\"@context\":\"https:\/\/schema.org\",\"@graph\":[{\"@type\":\"WebPage\",\"@id\":\"https:\/\/delahuerta.art\/ca\/llancaments\/\",\"url\":\"https:\/\/delahuerta.art\/ca\/llancaments\/\",\"name\":\"Llan\u00e7aments - Delahuerta\",\"isPartOf\":{\"@id\":\"https:\/\/delahuerta.art\/ca\/#website\"},\"datePublished\":\"2024-05-22T06:17:40+00:00\",\"dateModified\":\"2024-07-05T13:34:56+00:00\",\"breadcrumb\":{\"@id\":\"https:\/\/delahuerta.art\/ca\/llancaments\/#breadcrumb\"},\"inLanguage\":\"ca\",\"potentialAction\":[{\"@type\":\"ReadAction\",\"target\":[\"https:\/\/delahuerta.art\/ca\/llancaments\/\"]}]},{\"@type\":\"BreadcrumbList\",\"@id\":\"https:\/\/delahuerta.art\/ca\/llancaments\/#breadcrumb\",\"itemListElement\":[{\"@type\":\"ListItem\",\"position\":1,\"name\":\"Portada\",\"item\":\"https:\/\/delahuerta.art\/ca\/\"},{\"@type\":\"ListItem\",\"position\":2,\"name\":\"Llan\u00e7aments\"}]},{\"@type\":\"WebSite\",\"@id\":\"https:\/\/delahuerta.art\/ca\/#website\",\"url\":\"https:\/\/delahuerta.art\/ca\/\",\"name\":\"Delahuerta\",\"description\":\"\",\"publisher\":{\"@id\":\"https:\/\/delahuerta.art\/ca\/#organization\"},\"potentialAction\":[{\"@type\":\"SearchAction\",\"target\":{\"@type\":\"EntryPoint\",\"urlTemplate\":\"https:\/\/delahuerta.art\/ca\/?s={search_term_string}\"},\"query-input\":{\"@type\":\"PropertyValueSpecification\",\"valueRequired\":true,\"valueName\":\"search_term_string\"}}],\"inLanguage\":\"ca\"},{\"@type\":\"Organization\",\"@id\":\"https:\/\/delahuerta.art\/ca\/#organization\",\"name\":\"Delahuerta\",\"url\":\"https:\/\/delahuerta.art\/ca\/\",\"logo\":{\"@type\":\"ImageObject\",\"inLanguage\":\"ca\",\"@id\":\"https:\/\/delahuerta.art\/ca\/#\/schema\/logo\/image\/\",\"url\":\"https:\/\/delahuerta.art\/wp-content\/uploads\/2024\/02\/delahuerta-logo.jpg\",\"contentUrl\":\"https:\/\/delahuerta.art\/wp-content\/uploads\/2024\/02\/delahuerta-logo.jpg\",\"width\":577,\"height\":192,\"caption\":\"Delahuerta\"},\"image\":{\"@id\":\"https:\/\/delahuerta.art\/ca\/#\/schema\/logo\/image\/\"},\"sameAs\":[\"https:\/\/www.instagram.com\/delahuerta.dj.panko\",\"https:\/\/soundcloud.com\/dj-panko\"]}]}<\/script>\n<!-- \/ Yoast SEO plugin. -->","yoast_head_json":{"title":"Llan\u00e7aments - Delahuerta","robots":{"index":"index","follow":"follow","max-snippet":"max-snippet:-1","max-image-preview":"max-image-preview:large","max-video-preview":"max-video-preview:-1"},"canonical":"https:\/\/delahuerta.art\/ca\/llancaments\/","schema":{"@context":"https:\/\/schema.org","@graph":[{"@type":"WebPage","@id":"https:\/\/delahuerta.art\/ca\/llancaments\/","url":"https:\/\/delahuerta.art\/ca\/llancaments\/","name":"Llan\u00e7aments - Delahuerta","isPartOf":{"@id":"https:\/\/delahuerta.art\/ca\/#website"},"datePublished":"2024-05-22T06:17:40+00:00","dateModified":"2024-07-05T13:34:56+00:00","breadcrumb":{"@id":"https:\/\/delahuerta.art\/ca\/llancaments\/#breadcrumb"},"inLanguage":"ca","potentialAction":[{"@type":"ReadAction","target":["https:\/\/delahuerta.art\/ca\/llancaments\/"]}]},{"@type":"BreadcrumbList","@id":"https:\/\/delahuerta.art\/ca\/llancaments\/#breadcrumb","itemListElement":[{"@type":"ListItem","position":1,"name":"Portada","item":"https:\/\/delahuerta.art\/ca\/"},{"@type":"ListItem","position":2,"name":"Llan\u00e7aments"}]},{"@type":"WebSite","@id":"https:\/\/delahuerta.art\/ca\/#website","url":"https:\/\/delahuerta.art\/ca\/","name":"Delahuerta","description":"","publisher":{"@id":"https:\/\/delahuerta.art\/ca\/#organization"},"potentialAction":[{"@type":"SearchAction","target":{"@type":"EntryPoint","urlTemplate":"https:\/\/delahuerta.art\/ca\/?s={search_term_string}"},"query-input":{"@type":"PropertyValueSpecification","valueRequired":true,"valueName":"search_term_string"}}],"inLanguage":"ca"},{"@type":"Organization","@id":"https:\/\/delahuerta.art\/ca\/#organization","name":"Delahuerta","url":"https:\/\/delahuerta.art\/ca\/","logo":{"@type":"ImageObject","inLanguage":"ca","@id":"https:\/\/delahuerta.art\/ca\/#\/schema\/logo\/image\/","url":"https:\/\/delahuerta.art\/wp-content\/uploads\/2024\/02\/delahuerta-logo.jpg","contentUrl":"https:\/\/delahuerta.art\/wp-content\/uploads\/2024\/02\/delahuerta-logo.jpg","width":577,"height":192,"caption":"Delahuerta"},"image":{"@id":"https:\/\/delahuerta.art\/ca\/#\/schema\/logo\/image\/"},"sameAs":["https:\/\/www.instagram.com\/delahuerta.dj.panko","https:\/\/soundcloud.com\/dj-panko"]}]}},"_links":{"self":[{"href":"https:\/\/delahuerta.art\/ca\/wp-json\/wp\/v2\/pages\/619","targetHints":{"allow":["GET"]}}],"collection":[{"href":"https:\/\/delahuerta.art\/ca\/wp-json\/wp\/v2\/pages"}],"about":[{"href":"https:\/\/delahuerta.art\/ca\/wp-json\/wp\/v2\/types\/page"}],"author":[{"embeddable":true,"href":"https:\/\/delahuerta.art\/ca\/wp-json\/wp\/v2\/users\/1"}],"replies":[{"embeddable":true,"href":"https:\/\/delahuerta.art\/ca\/wp-json\/wp\/v2\/comments?post=619"}],"version-history":[{"count":2,"href":"https:\/\/delahuerta.art\/ca\/wp-json\/wp\/v2\/pages\/619\/revisions"}],"predecessor-version":[{"id":626,"href":"https:\/\/delahuerta.art\/ca\/wp-json\/wp\/v2\/pages\/619\/revisions\/626"}],"wp:attachment":[{"href":"https:\/\/delahuerta.art\/ca\/wp-json\/wp\/v2\/media?parent=619"}],"curies":[{"name":"wp","href":"https:\/\/api.w.org\/{rel}","templated":true}]}}