{"id":81,"date":"2024-03-25T11:14:01","date_gmt":"2024-03-25T10:14:01","guid":{"rendered":"https:\/\/delahuerta.art\/?page_id=81"},"modified":"2024-03-29T15:43:38","modified_gmt":"2024-03-29T14:43:38","slug":"micromecenatge","status":"publish","type":"page","link":"https:\/\/delahuerta.art\/ca\/micromecenatge\/","title":{"rendered":"Micromecenatge"},"content":{"rendered":"<h2>El projecte de llan\u00e7ament del primer \u00e0lbum de Delahuerta es va finan\u00e7ar col\u00b7lectivament a trav\u00e9s de la plataforma Verkami.<\/h2>\n<p><img decoding=\"async\" src=\"\/wp-content\/uploads\/2024\/03\/crowdfunding-03.jpg\" alt=\"\"><\/p>\n<h3>Micromecenatge<\/h3>\n<div>Es van recaptar 7678\u202f\u20ac dels 7500\u202f\u20ac de l&#8217;objectiu, amb un total de 137 aportacions, que s&#8217;estan invertint en la producci\u00f3 de l&#8217;\u00e0lbum, tant per a la seva etapa de gravaci\u00f3, mescla i masteritzaci\u00f3, aix\u00ed com la producci\u00f3 del llibre que acompanya el llan\u00e7ament.<\/div>\n<p>\n    <a href=\"https:\/\/www.verkami.com\/projects\/37251-djpanko-presenta-delahuerta\">Ver proyecto en Verkami<\/a>\n<\/p>\n<div>L&#8217;\u00e0lbum compte amb 11 can\u00e7ons, i es publicar\u00e0 la primera setmana de setembre de 2024 a trav\u00e9s del segell Folcore R\u00e8cords de Barcelona.<\/div>\n<ul>\n<li>\n<p>        <img decoding=\"async\" src=\"\/wp-content\/uploads\/2024\/03\/crowdfunding-02.jpg\" alt=\"\"><\/p>\n<h3>crowdfunding-02<\/h3>\n<\/li>\n<li>\n<p>        <img decoding=\"async\" src=\"\/wp-content\/uploads\/2024\/03\/crowdfunding-03.jpg\" alt=\"\"><\/p>\n<h3>crowdfunding-03<\/h3>\n<\/li>\n<li>\n<p>        <img decoding=\"async\" src=\"\/wp-content\/uploads\/2024\/03\/crowdfunding-04.jpg\" alt=\"\"><\/p>\n<h3>crowdfunding-04<\/h3>\n<\/li>\n<li>\n<p>        <img decoding=\"async\" src=\"\/wp-content\/uploads\/2024\/03\/crowdfunding-05.jpg\" alt=\"\"><\/p>\n<h3>crowdfunding-05<\/h3>\n<\/li>\n<li>\n<p>        <img decoding=\"async\" src=\"\/wp-content\/uploads\/2024\/03\/crowdfunding-06.jpg\" alt=\"\"><\/p>\n<h3>crowdfunding-06<\/h3>\n<\/li>\n<li>\n<p>        <img decoding=\"async\" src=\"\/wp-content\/uploads\/2024\/03\/06bolsa.jpg\" alt=\"\"><\/p>\n<h3>06bolsa<\/h3>\n<\/li>\n<li>\n<p>        <img decoding=\"async\" src=\"\/wp-content\/uploads\/2024\/03\/08sello.jpg\" alt=\"\"><\/p>\n<h3>08sello<\/h3>\n<\/li>\n<li>\n<p>        <img decoding=\"async\" src=\"\/wp-content\/uploads\/2024\/03\/09gorra.jpg\" alt=\"\"><\/p>\n<h3>09gorra<\/h3>\n<\/li>\n<\/ul>\n<p><!--more--><br \/>\n<!-- {\"type\":\"layout\",\"children\":[{\"type\":\"section\",\"props\":{\"image_position\":\"center-center\",\"style\":\"default\",\"title_breakpoint\":\"xl\",\"title_position\":\"top-left\",\"title_rotation\":\"left\",\"vertical_align\":\"middle\",\"width\":\"default\"},\"children\":[{\"type\":\"row\",\"children\":[{\"type\":\"column\",\"props\":{\"image_position\":\"center-center\",\"position_sticky_breakpoint\":\"m\"},\"children\":[{\"type\":\"headline\",\"props\":{\"title_element\":\"h1\"},\"source\":{\"query\":{\"name\":\"pages.singlePage\"},\"props\":{\"content\":{\"filters\":{\"search\":\"\"},\"name\":\"title\"}}}},{\"type\":\"headline\",\"props\":{\"content\":\"El projecte de llan\\u00e7ament del primer \\u00e0lbum de Delahuerta es va finan\\u00e7ar col\\u00b7lectivament a trav\\u00e9s de la plataforma Verkami.\",\"title_element\":\"h2\"}}]}]},{\"type\":\"row\",\"props\":{\"layout\":\"1-2,1-2\"},\"children\":[{\"type\":\"column\",\"props\":{\"image_position\":\"center-center\",\"position_sticky_breakpoint\":\"m\",\"width_medium\":\"1-2\"},\"children\":[{\"type\":\"image\",\"props\":{\"image\":\"wp-content\\\/uploads\\\/2024\\\/03\\\/crowdfunding-03.jpg\",\"image_svg_color\":\"emphasis\",\"margin\":\"default\"}}]},{\"type\":\"column\",\"props\":{\"image_position\":\"center-center\",\"position_sticky_breakpoint\":\"m\",\"width_medium\":\"1-2\"},\"children\":[{\"type\":\"headline\",\"props\":{\"content\":\"Micromecenatge\",\"title_element\":\"h3\"}},{\"type\":\"text\",\"props\":{\"column_breakpoint\":\"m\",\"content\":\"Es van recaptar 7678\\u202f\\u20ac dels 7500\\u202f\\u20ac de l'objectiu, amb un total de 137 aportacions, que s'estan invertint en la producci\\u00f3 de l'\\u00e0lbum, tant per a la seva etapa de gravaci\\u00f3, mescla i masteritzaci\\u00f3, aix\\u00ed com la producci\\u00f3 del llibre que acompanya el llan\\u00e7ament.\",\"margin\":\"default\"}},{\"type\":\"button\",\"props\":{\"grid_column_gap\":\"small\",\"grid_row_gap\":\"small\",\"margin\":\"medium\"},\"children\":[{\"type\":\"button_item\",\"props\":{\"button_style\":\"primary\",\"content\":\"Ver proyecto en Verkami\",\"icon_align\":\"left\",\"link\":\"https:\\\/\\\/www.verkami.com\\\/projects\\\/37251-djpanko-presenta-delahuerta\",\"link_target\":\"blank\"}}]}]}]},{\"type\":\"row\",\"children\":[{\"type\":\"column\",\"props\":{\"image_position\":\"center-center\",\"position_sticky_breakpoint\":\"m\"},\"children\":[{\"type\":\"text\",\"props\":{\"column_breakpoint\":\"m\",\"content\":\"L'\\u00e0lbum compte amb 11 can\\u00e7ons, i es publicar\\u00e0 la primera setmana de setembre de 2024 a trav\\u00e9s del segell Folcore R\\u00e8cords de Barcelona.\",\"margin\":\"default\"}}]}]}]},{\"type\":\"section\",\"props\":{\"image_position\":\"center-center\",\"padding\":\"none\",\"style\":\"default\",\"title_breakpoint\":\"xl\",\"title_position\":\"top-left\",\"title_rotation\":\"left\",\"vertical_align\":\"middle\",\"width\":\"\"},\"children\":[{\"type\":\"row\",\"children\":[{\"type\":\"column\",\"props\":{\"image_position\":\"center-center\",\"position_sticky_breakpoint\":\"m\"},\"children\":[{\"type\":\"overlay-slider\",\"props\":{\"link_style\":\"default\",\"link_text\":\"Read more\",\"margin\":\"default\",\"meta_align\":\"below-title\",\"meta_element\":\"div\",\"meta_style\":\"text-meta\",\"nav\":\"\",\"nav_align\":\"center\",\"nav_breakpoint\":\"s\",\"overlay_mode\":\"cover\",\"overlay_position\":\"center\",\"overlay_transition\":\"fade\",\"show_content\":true,\"show_hover_image\":true,\"show_link\":true,\"show_meta\":true,\"show_title\":false,\"slidenav\":\"default\",\"slidenav_breakpoint\":\"s\",\"slidenav_margin\":\"medium\",\"slidenav_outside_breakpoint\":\"xl\",\"slider_autoplay\":true,\"slider_autoplay_pause\":true,\"slider_center\":true,\"slider_finite\":false,\"slider_gap\":\"\",\"slider_parallax\":false,\"slider_width\":\"fixed\",\"slider_width_default\":\"1-1\",\"slider_width_medium\":\"1-3\",\"text_align\":\"center\",\"title_element\":\"h3\",\"title_hover_style\":\"reset\"},\"children\":[{\"type\":\"overlay-slider_item\",\"props\":{\"image\":\"wp-content\\\/uploads\\\/2024\\\/03\\\/crowdfunding-02.jpg\",\"title\":\"crowdfunding-02\"}},{\"type\":\"overlay-slider_item\",\"props\":{\"image\":\"wp-content\\\/uploads\\\/2024\\\/03\\\/crowdfunding-03.jpg\",\"title\":\"crowdfunding-03\"}},{\"type\":\"overlay-slider_item\",\"props\":{\"image\":\"wp-content\\\/uploads\\\/2024\\\/03\\\/crowdfunding-04.jpg\",\"title\":\"crowdfunding-04\"}},{\"type\":\"overlay-slider_item\",\"props\":{\"image\":\"wp-content\\\/uploads\\\/2024\\\/03\\\/crowdfunding-05.jpg\",\"title\":\"crowdfunding-05\"}},{\"type\":\"overlay-slider_item\",\"props\":{\"image\":\"wp-content\\\/uploads\\\/2024\\\/03\\\/crowdfunding-06.jpg\",\"title\":\"crowdfunding-06\"}},{\"type\":\"overlay-slider_item\",\"props\":{\"image\":\"wp-content\\\/uploads\\\/2024\\\/03\\\/06bolsa.jpg\",\"title\":\"06bolsa\"}},{\"type\":\"overlay-slider_item\",\"props\":{\"image\":\"wp-content\\\/uploads\\\/2024\\\/03\\\/08sello.jpg\",\"title\":\"08sello\"}},{\"type\":\"overlay-slider_item\",\"props\":{\"image\":\"wp-content\\\/uploads\\\/2024\\\/03\\\/09gorra.jpg\",\"title\":\"09gorra\"}}]}]}]}]}],\"version\":\"4.3.8\"} --><\/p>\n","protected":false},"excerpt":{"rendered":"<p>El projecte de llan\u00e7ament del primer \u00e0lbum de Delahuerta es va finan\u00e7ar col\u00b7lectivament a trav\u00e9s de la plataforma Verkami. Micromecenatge Es van recaptar 7678\u202f\u20ac dels 7500\u202f\u20ac de l&#8217;objectiu, amb un total de 137 aportacions, que s&#8217;estan invertint en la producci\u00f3 de l&#8217;\u00e0lbum, tant per a la seva etapa de gravaci\u00f3, mescla i masteritzaci\u00f3, aix\u00ed com [&hellip;]<\/p>\n","protected":false},"author":1,"featured_media":0,"parent":0,"menu_order":0,"comment_status":"closed","ping_status":"closed","template":"","meta":{"_acf_changed":false,"footnotes":""},"class_list":["post-81","page","type-page","status-publish","hentry"],"acf":[],"yoast_head":"<!-- This site is optimized with the Yoast SEO plugin v27.0 - https:\/\/yoast.com\/product\/yoast-seo-wordpress\/ -->\n<title>Micromecenatge - Delahuerta<\/title>\n<meta name=\"robots\" content=\"index, follow, max-snippet:-1, max-image-preview:large, max-video-preview:-1\" \/>\n<link rel=\"canonical\" href=\"https:\/\/delahuerta.art\/ca\/micromecenatge\/\" \/>\n<meta name=\"twitter:label1\" content=\"Temps estimat de lectura\" \/>\n\t<meta name=\"twitter:data1\" content=\"3 minuts\" \/>\n<script type=\"application\/ld+json\" class=\"yoast-schema-graph\">{\"@context\":\"https:\/\/schema.org\",\"@graph\":[{\"@type\":\"WebPage\",\"@id\":\"https:\/\/delahuerta.art\/ca\/micromecenatge\/\",\"url\":\"https:\/\/delahuerta.art\/ca\/micromecenatge\/\",\"name\":\"Micromecenatge - Delahuerta\",\"isPartOf\":{\"@id\":\"https:\/\/delahuerta.art\/ca\/#website\"},\"datePublished\":\"2024-03-25T10:14:01+00:00\",\"dateModified\":\"2024-03-29T14:43:38+00:00\",\"breadcrumb\":{\"@id\":\"https:\/\/delahuerta.art\/ca\/micromecenatge\/#breadcrumb\"},\"inLanguage\":\"ca\",\"potentialAction\":[{\"@type\":\"ReadAction\",\"target\":[\"https:\/\/delahuerta.art\/ca\/micromecenatge\/\"]}]},{\"@type\":\"BreadcrumbList\",\"@id\":\"https:\/\/delahuerta.art\/ca\/micromecenatge\/#breadcrumb\",\"itemListElement\":[{\"@type\":\"ListItem\",\"position\":1,\"name\":\"Portada\",\"item\":\"https:\/\/delahuerta.art\/ca\/\"},{\"@type\":\"ListItem\",\"position\":2,\"name\":\"Micromecenatge\"}]},{\"@type\":\"WebSite\",\"@id\":\"https:\/\/delahuerta.art\/ca\/#website\",\"url\":\"https:\/\/delahuerta.art\/ca\/\",\"name\":\"Delahuerta\",\"description\":\"\",\"publisher\":{\"@id\":\"https:\/\/delahuerta.art\/ca\/#organization\"},\"potentialAction\":[{\"@type\":\"SearchAction\",\"target\":{\"@type\":\"EntryPoint\",\"urlTemplate\":\"https:\/\/delahuerta.art\/ca\/?s={search_term_string}\"},\"query-input\":{\"@type\":\"PropertyValueSpecification\",\"valueRequired\":true,\"valueName\":\"search_term_string\"}}],\"inLanguage\":\"ca\"},{\"@type\":\"Organization\",\"@id\":\"https:\/\/delahuerta.art\/ca\/#organization\",\"name\":\"Delahuerta\",\"url\":\"https:\/\/delahuerta.art\/ca\/\",\"logo\":{\"@type\":\"ImageObject\",\"inLanguage\":\"ca\",\"@id\":\"https:\/\/delahuerta.art\/ca\/#\/schema\/logo\/image\/\",\"url\":\"https:\/\/delahuerta.art\/wp-content\/uploads\/2024\/02\/delahuerta-logo.jpg\",\"contentUrl\":\"https:\/\/delahuerta.art\/wp-content\/uploads\/2024\/02\/delahuerta-logo.jpg\",\"width\":577,\"height\":192,\"caption\":\"Delahuerta\"},\"image\":{\"@id\":\"https:\/\/delahuerta.art\/ca\/#\/schema\/logo\/image\/\"},\"sameAs\":[\"https:\/\/www.instagram.com\/delahuerta.dj.panko\",\"https:\/\/soundcloud.com\/dj-panko\"]}]}<\/script>\n<!-- \/ Yoast SEO plugin. -->","yoast_head_json":{"title":"Micromecenatge - Delahuerta","robots":{"index":"index","follow":"follow","max-snippet":"max-snippet:-1","max-image-preview":"max-image-preview:large","max-video-preview":"max-video-preview:-1"},"canonical":"https:\/\/delahuerta.art\/ca\/micromecenatge\/","twitter_misc":{"Temps estimat de lectura":"3 minuts"},"schema":{"@context":"https:\/\/schema.org","@graph":[{"@type":"WebPage","@id":"https:\/\/delahuerta.art\/ca\/micromecenatge\/","url":"https:\/\/delahuerta.art\/ca\/micromecenatge\/","name":"Micromecenatge - Delahuerta","isPartOf":{"@id":"https:\/\/delahuerta.art\/ca\/#website"},"datePublished":"2024-03-25T10:14:01+00:00","dateModified":"2024-03-29T14:43:38+00:00","breadcrumb":{"@id":"https:\/\/delahuerta.art\/ca\/micromecenatge\/#breadcrumb"},"inLanguage":"ca","potentialAction":[{"@type":"ReadAction","target":["https:\/\/delahuerta.art\/ca\/micromecenatge\/"]}]},{"@type":"BreadcrumbList","@id":"https:\/\/delahuerta.art\/ca\/micromecenatge\/#breadcrumb","itemListElement":[{"@type":"ListItem","position":1,"name":"Portada","item":"https:\/\/delahuerta.art\/ca\/"},{"@type":"ListItem","position":2,"name":"Micromecenatge"}]},{"@type":"WebSite","@id":"https:\/\/delahuerta.art\/ca\/#website","url":"https:\/\/delahuerta.art\/ca\/","name":"Delahuerta","description":"","publisher":{"@id":"https:\/\/delahuerta.art\/ca\/#organization"},"potentialAction":[{"@type":"SearchAction","target":{"@type":"EntryPoint","urlTemplate":"https:\/\/delahuerta.art\/ca\/?s={search_term_string}"},"query-input":{"@type":"PropertyValueSpecification","valueRequired":true,"valueName":"search_term_string"}}],"inLanguage":"ca"},{"@type":"Organization","@id":"https:\/\/delahuerta.art\/ca\/#organization","name":"Delahuerta","url":"https:\/\/delahuerta.art\/ca\/","logo":{"@type":"ImageObject","inLanguage":"ca","@id":"https:\/\/delahuerta.art\/ca\/#\/schema\/logo\/image\/","url":"https:\/\/delahuerta.art\/wp-content\/uploads\/2024\/02\/delahuerta-logo.jpg","contentUrl":"https:\/\/delahuerta.art\/wp-content\/uploads\/2024\/02\/delahuerta-logo.jpg","width":577,"height":192,"caption":"Delahuerta"},"image":{"@id":"https:\/\/delahuerta.art\/ca\/#\/schema\/logo\/image\/"},"sameAs":["https:\/\/www.instagram.com\/delahuerta.dj.panko","https:\/\/soundcloud.com\/dj-panko"]}]}},"_links":{"self":[{"href":"https:\/\/delahuerta.art\/ca\/wp-json\/wp\/v2\/pages\/81","targetHints":{"allow":["GET"]}}],"collection":[{"href":"https:\/\/delahuerta.art\/ca\/wp-json\/wp\/v2\/pages"}],"about":[{"href":"https:\/\/delahuerta.art\/ca\/wp-json\/wp\/v2\/types\/page"}],"author":[{"embeddable":true,"href":"https:\/\/delahuerta.art\/ca\/wp-json\/wp\/v2\/users\/1"}],"replies":[{"embeddable":true,"href":"https:\/\/delahuerta.art\/ca\/wp-json\/wp\/v2\/comments?post=81"}],"version-history":[{"count":5,"href":"https:\/\/delahuerta.art\/ca\/wp-json\/wp\/v2\/pages\/81\/revisions"}],"predecessor-version":[{"id":397,"href":"https:\/\/delahuerta.art\/ca\/wp-json\/wp\/v2\/pages\/81\/revisions\/397"}],"wp:attachment":[{"href":"https:\/\/delahuerta.art\/ca\/wp-json\/wp\/v2\/media?parent=81"}],"curies":[{"name":"wp","href":"https:\/\/api.w.org\/{rel}","templated":true}]}}