{"id":83,"date":"2024-03-25T11:13:40","date_gmt":"2024-03-25T10:13:40","guid":{"rendered":"https:\/\/delahuerta.art\/?page_id=83"},"modified":"2024-03-29T15:39:31","modified_gmt":"2024-03-29T14:39:31","slug":"delahuerta","status":"publish","type":"page","link":"https:\/\/delahuerta.art\/ca\/delahuerta\/","title":{"rendered":"Delahuerta"},"content":{"rendered":"<h2>M\u00fasiques del m\u00f3n amb sons d\u2019animals i bases electr\u00f2niques<br \/>Aix\u00f2 \u00e9s Delahuerta!<\/h2>\n<p><img decoding=\"async\" src=\"\/wp-content\/uploads\/2024\/03\/delahuerta-cover-1.jpg\" alt=\"\"><\/p>\n<h3>Sobre Delahuerta<\/h3>\n<div>\n<p><strong>Delahuerta<\/strong>, el nou projecte de <strong>DJ.Panko<\/strong>, narra l&#8217;aventura de la seva hist\u00f2ria de vida personal, de la migraci\u00f3 cap a un entorn rural des de la mateixa Ciutat Vella, -cor de la Barcelona intercultural-, de la tranquil\u00b7litat, de la naturalesa, del so dels ocells i de la passi\u00f3 per l&#8217;agricultura.<\/p>\n<\/div>\n<blockquote>\n<p><span>&#8220;&#8230; Mentre treballava la terra em trobava envoltat dels sons d&#8217;ocells i insectes als quals em vaig dedicar a gravar. La Merla, el Pit-roig, la T\u00f3rtora i altres ocells eren la meva banda sonora i despr\u00e9s d&#8217;importar aquests \u00e0udios, sense m\u00e9s pretensi\u00f3 que investigar amb ells, vaig comen\u00e7ar a produir temes. Quan ja tenia diversos temes vaig comen\u00e7ar a compartir-los amb altres amics m\u00fasics que igual que jo, es trobaven tancats sense poder treballar&#8230; I van arribar les col\u00b7laboracions&#8230;&#8221;<\/span><\/p>\n<footer>\n<p>                <cite>DJ.Panko<\/cite><\/p>\n<\/footer>\n<\/blockquote>\n<div>\n<p>L&#8217;\u00e0lbum compte amb 11 can\u00e7ons, i es publicar\u00e0 la primera setmana de setembre de 2024 a trav\u00e9s del segell Folcore Records de Barcelona.<\/p>\n<p>S&#8217;anticiparan temes -i les seves respectives remescles- en format de singles, fins a arribar a la publicaci\u00f3 de l&#8217;\u00e0lbum complet. Les remescles compten l&#8217;amb la col\u00b7laboraci\u00f3 de Miret, Sonikgroove, entre altres productors de l&#8217;escena local, nacional i internacional.<\/p>\n<\/div>\n<ul>\n<li>\n<p>        <img decoding=\"async\" src=\"\/wp-content\/uploads\/2024\/03\/dj-panko-delahuerta-01.jpg\" alt=\"\"><\/p>\n<h3>dj-panko-delahuerta-01<\/h3>\n<\/li>\n<li>\n<p>        <img decoding=\"async\" src=\"\/wp-content\/uploads\/2024\/03\/dj-panko-delahuerta-08.jpg\" alt=\"\"><\/p>\n<h3>dj-panko-delahuerta-08<\/h3>\n<\/li>\n<li>\n<p>        <img decoding=\"async\" src=\"\/wp-content\/uploads\/2024\/03\/dj-panko-delahuerta-07.jpg\" alt=\"\"><\/p>\n<h3>dj-panko-delahuerta-07<\/h3>\n<\/li>\n<li>\n<p>        <img decoding=\"async\" src=\"\/wp-content\/uploads\/2024\/03\/dj-panko-delahuerta-06.jpg\" alt=\"\"><\/p>\n<h3>dj-panko-delahuerta-06<\/h3>\n<\/li>\n<li>\n<p>        <img decoding=\"async\" src=\"\/wp-content\/uploads\/2024\/03\/dj-panko-delahuerta-05.jpg\" alt=\"\"><\/p>\n<h3>dj-panko-delahuerta-05<\/h3>\n<\/li>\n<li>\n<p>        <img decoding=\"async\" src=\"\/wp-content\/uploads\/2024\/03\/dj-panko-delahuerta-04.jpg\" alt=\"\"><\/p>\n<h3>dj-panko-delahuerta-04<\/h3>\n<\/li>\n<li>\n<p>        <img decoding=\"async\" src=\"\/wp-content\/uploads\/2024\/03\/dj-panko-delahuerta-03.jpg\" alt=\"\"><\/p>\n<h3>dj-panko-delahuerta-03<\/h3>\n<\/li>\n<li>\n<p>        <img decoding=\"async\" src=\"\/wp-content\/uploads\/2024\/03\/dj-panko-delahuerta-02.jpg\" alt=\"\"><\/p>\n<h3>dj-panko-delahuerta-02<\/h3>\n<\/li>\n<\/ul>\n<p><!--more--><br \/>\n<!-- {\"type\":\"layout\",\"children\":[{\"type\":\"section\",\"props\":{\"image_position\":\"center-center\",\"style\":\"default\",\"title_breakpoint\":\"xl\",\"title_position\":\"top-left\",\"title_rotation\":\"left\",\"vertical_align\":\"middle\",\"width\":\"default\"},\"children\":[{\"type\":\"row\",\"children\":[{\"type\":\"column\",\"props\":{\"image_position\":\"center-center\",\"position_sticky_breakpoint\":\"m\"},\"children\":[{\"type\":\"headline\",\"props\":{\"title_element\":\"h1\"},\"source\":{\"query\":{\"name\":\"pages.singlePage\"},\"props\":{\"content\":{\"filters\":{\"search\":\"\"},\"name\":\"title\"}}}},{\"type\":\"headline\",\"props\":{\"content\":\"M\\u00fasiques del m\\u00f3n amb sons d\\u2019animals i bases electr\\u00f2niques<br \\\/>Aix\\u00f2 \\u00e9s Delahuerta!\",\"title_element\":\"h2\"}}]}]},{\"type\":\"row\",\"props\":{\"layout\":\"1-2,1-2\"},\"children\":[{\"type\":\"column\",\"props\":{\"image_position\":\"center-center\",\"position_sticky_breakpoint\":\"m\",\"width_medium\":\"1-2\"},\"children\":[{\"type\":\"image\",\"props\":{\"image\":\"wp-content\\\/uploads\\\/2024\\\/03\\\/delahuerta-cover-1.jpg\",\"image_svg_color\":\"emphasis\",\"margin\":\"default\"}}]},{\"type\":\"column\",\"props\":{\"image_position\":\"center-center\",\"position_sticky_breakpoint\":\"m\",\"width_medium\":\"1-2\"},\"children\":[{\"type\":\"headline\",\"props\":{\"content\":\"Sobre Delahuerta\",\"title_element\":\"h3\"}},{\"type\":\"text\",\"props\":{\"column_breakpoint\":\"m\",\"content\":\"\n\n<p><strong>Delahuerta<\\\/strong>, el nou projecte de <strong>DJ.Panko<\\\/strong>, narra l'aventura de la seva hist\\u00f2ria de vida personal, de la migraci\\u00f3 cap a un entorn rural des de la mateixa Ciutat Vella, -cor de la Barcelona intercultural-, de la tranquil\\u00b7litat, de la naturalesa, del so dels ocells i de la passi\\u00f3 per l'agricultura.<\\\/p>\",\"margin\":\"default\"}},{\"type\":\"quotation\",\"props\":{\"author\":\"DJ.Panko\",\"content\":\"\n\n<p><span>\\\"... Mentre treballava la terra em trobava envoltat dels sons d'ocells i insectes als quals em vaig dedicar a gravar. La Merla, el Pit-roig, la T\\u00f3rtora i altres ocells eren la meva banda sonora i despr\\u00e9s d'importar aquests \\u00e0udios, sense m\\u00e9s pretensi\\u00f3 que investigar amb ells, vaig comen\\u00e7ar a produir temes. Quan ja tenia diversos temes vaig comen\\u00e7ar a compartir-los amb altres amics m\\u00fasics que igual que jo, es trobaven tancats sense poder treballar... I van arribar les col\\u00b7laboracions...\\\"<\\\/span><\\\/p>\",\"margin\":\"large\"}}]}]},{\"type\":\"row\",\"children\":[{\"type\":\"column\",\"props\":{\"image_position\":\"center-center\",\"position_sticky_breakpoint\":\"m\"},\"children\":[{\"type\":\"text\",\"props\":{\"column_breakpoint\":\"m\",\"content\":\"\n\n<p>L'\\u00e0lbum compte amb 11 can\\u00e7ons, i es publicar\\u00e0 la primera setmana de setembre de 2024 a trav\\u00e9s del segell Folcore Records de Barcelona.<\\\/p>\\n\n\n<p>S'anticiparan temes -i les seves respectives remescles- en format de singles, fins a arribar a la publicaci\\u00f3 de l'\\u00e0lbum complet. Les remescles compten l'amb la col\\u00b7laboraci\\u00f3 de Miret, Sonikgroove, entre altres productors de l'escena local, nacional i internacional.<\\\/p>\",\"margin\":\"default\"}}]}]}]},{\"type\":\"section\",\"props\":{\"image_position\":\"center-center\",\"padding\":\"none\",\"style\":\"default\",\"title_breakpoint\":\"xl\",\"title_position\":\"top-left\",\"title_rotation\":\"left\",\"vertical_align\":\"middle\",\"width\":\"\"},\"children\":[{\"type\":\"row\",\"children\":[{\"type\":\"column\",\"props\":{\"image_position\":\"center-center\",\"position_sticky_breakpoint\":\"m\"},\"children\":[{\"type\":\"gallery\",\"props\":{\"filter_align\":\"left\",\"filter_all\":true,\"filter_grid_breakpoint\":\"m\",\"filter_grid_width\":\"auto\",\"filter_position\":\"top\",\"filter_style\":\"tab\",\"grid_column_gap\":\"collapse\",\"grid_default\":\"1\",\"grid_medium\":\"4\",\"grid_row_gap\":\"collapse\",\"image_height\":\"480\",\"image_loading\":true,\"image_transition\":\"scale-up\",\"image_width\":\"720\",\"item_animation\":true,\"lightbox\":true,\"lightbox_image_orientation\":true,\"link_style\":\"\",\"link_text\":\"+\",\"link_transition\":\"scale-up\",\"margin\":\"default\",\"meta_align\":\"below-title\",\"meta_element\":\"div\",\"meta_style\":\"text-meta\",\"overlay_hover\":true,\"overlay_link\":true,\"overlay_mode\":\"cover\",\"overlay_position\":\"center\",\"overlay_style\":\"overlay-primary\",\"overlay_transition\":\"fade\",\"show_content\":true,\"show_hover_image\":true,\"show_link\":true,\"show_meta\":true,\"show_title\":false,\"text_align\":\"center\",\"text_color\":\"light\",\"title_element\":\"h3\",\"title_hover_style\":\"reset\"},\"children\":[{\"type\":\"gallery_item\",\"props\":{\"image\":\"wp-content\\\/uploads\\\/2024\\\/03\\\/dj-panko-delahuerta-01.jpg\",\"title\":\"dj-panko-delahuerta-01\"}},{\"type\":\"gallery_item\",\"props\":{\"image\":\"wp-content\\\/uploads\\\/2024\\\/03\\\/dj-panko-delahuerta-08.jpg\",\"title\":\"dj-panko-delahuerta-08\"}},{\"type\":\"gallery_item\",\"props\":{\"image\":\"wp-content\\\/uploads\\\/2024\\\/03\\\/dj-panko-delahuerta-07.jpg\",\"title\":\"dj-panko-delahuerta-07\"}},{\"type\":\"gallery_item\",\"props\":{\"image\":\"wp-content\\\/uploads\\\/2024\\\/03\\\/dj-panko-delahuerta-06.jpg\",\"title\":\"dj-panko-delahuerta-06\"}},{\"type\":\"gallery_item\",\"props\":{\"image\":\"wp-content\\\/uploads\\\/2024\\\/03\\\/dj-panko-delahuerta-05.jpg\",\"title\":\"dj-panko-delahuerta-05\"}},{\"type\":\"gallery_item\",\"props\":{\"image\":\"wp-content\\\/uploads\\\/2024\\\/03\\\/dj-panko-delahuerta-04.jpg\",\"title\":\"dj-panko-delahuerta-04\"}},{\"type\":\"gallery_item\",\"props\":{\"image\":\"wp-content\\\/uploads\\\/2024\\\/03\\\/dj-panko-delahuerta-03.jpg\",\"title\":\"dj-panko-delahuerta-03\"}},{\"type\":\"gallery_item\",\"props\":{\"image\":\"wp-content\\\/uploads\\\/2024\\\/03\\\/dj-panko-delahuerta-02.jpg\",\"title\":\"dj-panko-delahuerta-02\"}}]}]}]}]}],\"version\":\"4.3.8\"} --><\/p>\n","protected":false},"excerpt":{"rendered":"<p>M\u00fasiques del m\u00f3n amb sons d\u2019animals i bases electr\u00f2niquesAix\u00f2 \u00e9s Delahuerta! Sobre Delahuerta Delahuerta, el nou projecte de DJ.Panko, narra l&#8217;aventura de la seva hist\u00f2ria de vida personal, de la migraci\u00f3 cap a un entorn rural des de la mateixa Ciutat Vella, -cor de la Barcelona intercultural-, de la tranquil\u00b7litat, de la naturalesa, del so [&hellip;]<\/p>\n","protected":false},"author":1,"featured_media":0,"parent":0,"menu_order":0,"comment_status":"closed","ping_status":"closed","template":"","meta":{"_acf_changed":false,"footnotes":""},"class_list":["post-83","page","type-page","status-publish","hentry"],"acf":[],"yoast_head":"<!-- This site is optimized with the Yoast SEO plugin v27.4 - https:\/\/yoast.com\/product\/yoast-seo-wordpress\/ -->\n<title>Delahuerta - Delahuerta<\/title>\n<meta name=\"robots\" content=\"index, follow, max-snippet:-1, max-image-preview:large, max-video-preview:-1\" \/>\n<link rel=\"canonical\" href=\"https:\/\/delahuerta.art\/ca\/delahuerta\/\" \/>\n<meta name=\"twitter:label1\" content=\"Temps estimat de lectura\" \/>\n\t<meta name=\"twitter:data1\" content=\"3 minuts\" \/>\n<script type=\"application\/ld+json\" class=\"yoast-schema-graph\">{\"@context\":\"https:\\\/\\\/schema.org\",\"@graph\":[{\"@type\":\"WebPage\",\"@id\":\"https:\\\/\\\/delahuerta.art\\\/ca\\\/delahuerta\\\/\",\"url\":\"https:\\\/\\\/delahuerta.art\\\/ca\\\/delahuerta\\\/\",\"name\":\"Delahuerta - Delahuerta\",\"isPartOf\":{\"@id\":\"https:\\\/\\\/delahuerta.art\\\/ca\\\/#website\"},\"datePublished\":\"2024-03-25T10:13:40+00:00\",\"dateModified\":\"2024-03-29T14:39:31+00:00\",\"breadcrumb\":{\"@id\":\"https:\\\/\\\/delahuerta.art\\\/ca\\\/delahuerta\\\/#breadcrumb\"},\"inLanguage\":\"ca\",\"potentialAction\":[{\"@type\":\"ReadAction\",\"target\":[\"https:\\\/\\\/delahuerta.art\\\/ca\\\/delahuerta\\\/\"]}]},{\"@type\":\"BreadcrumbList\",\"@id\":\"https:\\\/\\\/delahuerta.art\\\/ca\\\/delahuerta\\\/#breadcrumb\",\"itemListElement\":[{\"@type\":\"ListItem\",\"position\":1,\"name\":\"Portada\",\"item\":\"https:\\\/\\\/delahuerta.art\\\/ca\\\/\"},{\"@type\":\"ListItem\",\"position\":2,\"name\":\"Delahuerta\"}]},{\"@type\":\"WebSite\",\"@id\":\"https:\\\/\\\/delahuerta.art\\\/ca\\\/#website\",\"url\":\"https:\\\/\\\/delahuerta.art\\\/ca\\\/\",\"name\":\"Delahuerta\",\"description\":\"\",\"publisher\":{\"@id\":\"https:\\\/\\\/delahuerta.art\\\/ca\\\/#organization\"},\"potentialAction\":[{\"@type\":\"SearchAction\",\"target\":{\"@type\":\"EntryPoint\",\"urlTemplate\":\"https:\\\/\\\/delahuerta.art\\\/ca\\\/?s={search_term_string}\"},\"query-input\":{\"@type\":\"PropertyValueSpecification\",\"valueRequired\":true,\"valueName\":\"search_term_string\"}}],\"inLanguage\":\"ca\"},{\"@type\":\"Organization\",\"@id\":\"https:\\\/\\\/delahuerta.art\\\/ca\\\/#organization\",\"name\":\"Delahuerta\",\"url\":\"https:\\\/\\\/delahuerta.art\\\/ca\\\/\",\"logo\":{\"@type\":\"ImageObject\",\"inLanguage\":\"ca\",\"@id\":\"https:\\\/\\\/delahuerta.art\\\/ca\\\/#\\\/schema\\\/logo\\\/image\\\/\",\"url\":\"https:\\\/\\\/delahuerta.art\\\/wp-content\\\/uploads\\\/2024\\\/02\\\/delahuerta-logo.jpg\",\"contentUrl\":\"https:\\\/\\\/delahuerta.art\\\/wp-content\\\/uploads\\\/2024\\\/02\\\/delahuerta-logo.jpg\",\"width\":577,\"height\":192,\"caption\":\"Delahuerta\"},\"image\":{\"@id\":\"https:\\\/\\\/delahuerta.art\\\/ca\\\/#\\\/schema\\\/logo\\\/image\\\/\"},\"sameAs\":[\"https:\\\/\\\/www.instagram.com\\\/delahuerta.dj.panko\",\"https:\\\/\\\/soundcloud.com\\\/dj-panko\"]}]}<\/script>\n<!-- \/ Yoast SEO plugin. -->","yoast_head_json":{"title":"Delahuerta - Delahuerta","robots":{"index":"index","follow":"follow","max-snippet":"max-snippet:-1","max-image-preview":"max-image-preview:large","max-video-preview":"max-video-preview:-1"},"canonical":"https:\/\/delahuerta.art\/ca\/delahuerta\/","twitter_misc":{"Temps estimat de lectura":"3 minuts"},"schema":{"@context":"https:\/\/schema.org","@graph":[{"@type":"WebPage","@id":"https:\/\/delahuerta.art\/ca\/delahuerta\/","url":"https:\/\/delahuerta.art\/ca\/delahuerta\/","name":"Delahuerta - Delahuerta","isPartOf":{"@id":"https:\/\/delahuerta.art\/ca\/#website"},"datePublished":"2024-03-25T10:13:40+00:00","dateModified":"2024-03-29T14:39:31+00:00","breadcrumb":{"@id":"https:\/\/delahuerta.art\/ca\/delahuerta\/#breadcrumb"},"inLanguage":"ca","potentialAction":[{"@type":"ReadAction","target":["https:\/\/delahuerta.art\/ca\/delahuerta\/"]}]},{"@type":"BreadcrumbList","@id":"https:\/\/delahuerta.art\/ca\/delahuerta\/#breadcrumb","itemListElement":[{"@type":"ListItem","position":1,"name":"Portada","item":"https:\/\/delahuerta.art\/ca\/"},{"@type":"ListItem","position":2,"name":"Delahuerta"}]},{"@type":"WebSite","@id":"https:\/\/delahuerta.art\/ca\/#website","url":"https:\/\/delahuerta.art\/ca\/","name":"Delahuerta","description":"","publisher":{"@id":"https:\/\/delahuerta.art\/ca\/#organization"},"potentialAction":[{"@type":"SearchAction","target":{"@type":"EntryPoint","urlTemplate":"https:\/\/delahuerta.art\/ca\/?s={search_term_string}"},"query-input":{"@type":"PropertyValueSpecification","valueRequired":true,"valueName":"search_term_string"}}],"inLanguage":"ca"},{"@type":"Organization","@id":"https:\/\/delahuerta.art\/ca\/#organization","name":"Delahuerta","url":"https:\/\/delahuerta.art\/ca\/","logo":{"@type":"ImageObject","inLanguage":"ca","@id":"https:\/\/delahuerta.art\/ca\/#\/schema\/logo\/image\/","url":"https:\/\/delahuerta.art\/wp-content\/uploads\/2024\/02\/delahuerta-logo.jpg","contentUrl":"https:\/\/delahuerta.art\/wp-content\/uploads\/2024\/02\/delahuerta-logo.jpg","width":577,"height":192,"caption":"Delahuerta"},"image":{"@id":"https:\/\/delahuerta.art\/ca\/#\/schema\/logo\/image\/"},"sameAs":["https:\/\/www.instagram.com\/delahuerta.dj.panko","https:\/\/soundcloud.com\/dj-panko"]}]}},"_links":{"self":[{"href":"https:\/\/delahuerta.art\/ca\/wp-json\/wp\/v2\/pages\/83","targetHints":{"allow":["GET"]}}],"collection":[{"href":"https:\/\/delahuerta.art\/ca\/wp-json\/wp\/v2\/pages"}],"about":[{"href":"https:\/\/delahuerta.art\/ca\/wp-json\/wp\/v2\/types\/page"}],"author":[{"embeddable":true,"href":"https:\/\/delahuerta.art\/ca\/wp-json\/wp\/v2\/users\/1"}],"replies":[{"embeddable":true,"href":"https:\/\/delahuerta.art\/ca\/wp-json\/wp\/v2\/comments?post=83"}],"version-history":[{"count":4,"href":"https:\/\/delahuerta.art\/ca\/wp-json\/wp\/v2\/pages\/83\/revisions"}],"predecessor-version":[{"id":391,"href":"https:\/\/delahuerta.art\/ca\/wp-json\/wp\/v2\/pages\/83\/revisions\/391"}],"wp:attachment":[{"href":"https:\/\/delahuerta.art\/ca\/wp-json\/wp\/v2\/media?parent=83"}],"curies":[{"name":"wp","href":"https:\/\/api.w.org\/{rel}","templated":true}]}}