{"id":85,"date":"2024-03-25T11:14:48","date_gmt":"2024-03-25T10:14:48","guid":{"rendered":"https:\/\/delahuerta.art\/?page_id=85"},"modified":"2024-03-29T15:46:14","modified_gmt":"2024-03-29T14:46:14","slug":"dj-panko","status":"publish","type":"page","link":"https:\/\/delahuerta.art\/ca\/dj-panko\/","title":{"rendered":"DJ.Panko"},"content":{"rendered":"<h2>Paco Gab\u00e0s, m\u00e9s conegut com a DJ.Panko \u00e9s un referent de l\u2019escena barcelonina des de temps immemorials<\/h2>\n<p><img decoding=\"async\" src=\"\/wp-content\/uploads\/2024\/03\/65c1235f-2953-4941-b123-f9e8e7b09455.jpg\" alt=\"\"><\/p>\n<h3>Sobre DJ.Panko<\/h3>\n<div>Paco Gab\u00e0s, m\u00e9s conegut com a DJ.Panko \u00e9s un referent de l&#8217;escena barcelonina des de temps immemorials. Durant m\u00e9s de deu anys ha recorregut el m\u00f3n com a DJ del grup Ojos de Brujo, guanyadors del Latin Grammy Awards en 2007 en la categoria Best Flamenc Album amb el seu LP &#8220;Techar\u00ed&#8221;.<\/div>\n<div>\n<p>Despr\u00e9s de la dissoluci\u00f3 de la banda l&#8217;any 2011 ha format grups com Electrorumbaiao al costat de Kumar Afrosideral, a m\u00e9s de dedicar-se a les seves sessions com a DJ i la producci\u00f3 de remescles per a diversos artistes.<\/p>\n<p>Delahuerta, un combo audiovisual que neix a partir de les sessions en l\u00ednia i jams amb col\u00b7legues m\u00fasics del m\u00f3n, durant les restriccions per quarantena del 2020.<\/p>\n<p>El resultat d&#8217;aquestes sessions de producci\u00f3 musical en remot est\u00e0 registrat en un \u00e0lbum futur hom\u00f2nim.<\/p>\n<\/div>\n<ul>\n<li>\n<p>        <img decoding=\"async\" src=\"\/wp-content\/uploads\/2024\/03\/dj-panko-delahuerta-01.jpg\" alt=\"\"><\/p>\n<h3>dj-panko-delahuerta-01<\/h3>\n<\/li>\n<li>\n<p>        <img decoding=\"async\" src=\"\/wp-content\/uploads\/2024\/03\/dj-panko-delahuerta-08.jpg\" alt=\"\"><\/p>\n<h3>dj-panko-delahuerta-08<\/h3>\n<\/li>\n<li>\n<p>        <img decoding=\"async\" src=\"\/wp-content\/uploads\/2024\/03\/dj-panko-delahuerta-07.jpg\" alt=\"\"><\/p>\n<h3>dj-panko-delahuerta-07<\/h3>\n<\/li>\n<li>\n<p>        <img decoding=\"async\" src=\"\/wp-content\/uploads\/2024\/03\/dj-panko-delahuerta-06.jpg\" alt=\"\"><\/p>\n<h3>dj-panko-delahuerta-06<\/h3>\n<\/li>\n<li>\n<p>        <img decoding=\"async\" src=\"\/wp-content\/uploads\/2024\/03\/dj-panko-delahuerta-05.jpg\" alt=\"\"><\/p>\n<h3>dj-panko-delahuerta-05<\/h3>\n<\/li>\n<li>\n<p>        <img decoding=\"async\" src=\"\/wp-content\/uploads\/2024\/03\/dj-panko-delahuerta-04.jpg\" alt=\"\"><\/p>\n<h3>dj-panko-delahuerta-04<\/h3>\n<\/li>\n<li>\n<p>        <img decoding=\"async\" src=\"\/wp-content\/uploads\/2024\/03\/dj-panko-delahuerta-03.jpg\" alt=\"\"><\/p>\n<h3>dj-panko-delahuerta-03<\/h3>\n<\/li>\n<li>\n<p>        <img decoding=\"async\" src=\"\/wp-content\/uploads\/2024\/03\/dj-panko-delahuerta-02.jpg\" alt=\"\"><\/p>\n<h3>dj-panko-delahuerta-02<\/h3>\n<\/li>\n<\/ul>\n<p><!--more--><br \/>\n<!-- {\"type\":\"layout\",\"children\":[{\"type\":\"section\",\"props\":{\"image_position\":\"center-center\",\"style\":\"default\",\"title_breakpoint\":\"xl\",\"title_position\":\"top-left\",\"title_rotation\":\"left\",\"vertical_align\":\"middle\",\"width\":\"default\"},\"children\":[{\"type\":\"row\",\"children\":[{\"type\":\"column\",\"props\":{\"image_position\":\"center-center\",\"position_sticky_breakpoint\":\"m\"},\"children\":[{\"type\":\"headline\",\"props\":{\"title_element\":\"h1\"},\"source\":{\"query\":{\"name\":\"pages.singlePage\"},\"props\":{\"content\":{\"filters\":{\"search\":\"\"},\"name\":\"title\"}}}},{\"type\":\"headline\",\"props\":{\"content\":\"Paco Gab\\u00e0s, m\\u00e9s conegut com a DJ.Panko \\u00e9s un referent de l\\u2019escena barcelonina des de temps immemorials\",\"title_element\":\"h2\"}}]}]},{\"type\":\"row\",\"props\":{\"layout\":\"1-2,1-2\"},\"children\":[{\"type\":\"column\",\"props\":{\"image_position\":\"center-center\",\"position_sticky_breakpoint\":\"m\",\"width_medium\":\"1-2\"},\"children\":[{\"type\":\"image\",\"props\":{\"image\":\"wp-content\\\/uploads\\\/2024\\\/03\\\/65c1235f-2953-4941-b123-f9e8e7b09455.jpg\",\"image_svg_color\":\"emphasis\",\"margin\":\"default\"}}]},{\"type\":\"column\",\"props\":{\"image_position\":\"center-center\",\"position_sticky_breakpoint\":\"m\",\"width_medium\":\"1-2\"},\"children\":[{\"type\":\"headline\",\"props\":{\"content\":\"Sobre DJ.Panko\",\"title_element\":\"h3\"}},{\"type\":\"text\",\"props\":{\"column_breakpoint\":\"m\",\"content\":\"Paco Gab\\u00e0s, m\\u00e9s conegut com a DJ.Panko \\u00e9s un referent de l'escena barcelonina des de temps immemorials. Durant m\\u00e9s de deu anys ha recorregut el m\\u00f3n com a DJ del grup Ojos de Brujo, guanyadors del Latin Grammy Awards en 2007 en la categoria Best Flamenc Album amb el seu LP \\\"Techar\\u00ed\\\".\",\"margin\":\"default\",\"text_style\":\"lead\"}},{\"type\":\"text\",\"props\":{\"column_breakpoint\":\"m\",\"content\":\"\n\n<p>Despr\\u00e9s de la dissoluci\\u00f3 de la banda l'any 2011 ha format grups com Electrorumbaiao al costat de Kumar Afrosideral, a m\\u00e9s de dedicar-se a les seves sessions com a DJ i la producci\\u00f3 de remescles per a diversos artistes.<\\\/p>\\n\n\n<p>Delahuerta, un combo audiovisual que neix a partir de les sessions en l\\u00ednia i jams amb col\\u00b7legues m\\u00fasics del m\\u00f3n, durant les restriccions per quarantena del 2020.<\\\/p>\\n\n\n<p>El resultat d'aquestes sessions de producci\\u00f3 musical en remot est\\u00e0 registrat en un \\u00e0lbum futur hom\\u00f2nim.<\\\/p>\",\"margin\":\"default\"}}]}]}]},{\"type\":\"section\",\"props\":{\"image_position\":\"center-center\",\"padding\":\"none\",\"style\":\"default\",\"title_breakpoint\":\"xl\",\"title_position\":\"top-left\",\"title_rotation\":\"left\",\"vertical_align\":\"middle\",\"width\":\"\"},\"children\":[{\"type\":\"row\",\"children\":[{\"type\":\"column\",\"props\":{\"image_position\":\"center-center\",\"position_sticky_breakpoint\":\"m\"},\"children\":[{\"type\":\"gallery\",\"props\":{\"filter_align\":\"left\",\"filter_all\":true,\"filter_grid_breakpoint\":\"m\",\"filter_grid_width\":\"auto\",\"filter_position\":\"top\",\"filter_style\":\"tab\",\"grid_column_gap\":\"collapse\",\"grid_default\":\"1\",\"grid_medium\":\"4\",\"grid_row_gap\":\"collapse\",\"image_height\":\"480\",\"image_loading\":true,\"image_transition\":\"scale-up\",\"image_width\":\"720\",\"item_animation\":true,\"lightbox\":true,\"lightbox_image_orientation\":true,\"link_style\":\"\",\"link_text\":\"+\",\"link_transition\":\"scale-up\",\"margin\":\"default\",\"meta_align\":\"below-title\",\"meta_element\":\"div\",\"meta_style\":\"text-meta\",\"overlay_hover\":true,\"overlay_link\":true,\"overlay_mode\":\"cover\",\"overlay_position\":\"center\",\"overlay_style\":\"overlay-primary\",\"overlay_transition\":\"fade\",\"show_content\":true,\"show_hover_image\":true,\"show_link\":true,\"show_meta\":true,\"show_title\":false,\"text_align\":\"center\",\"text_color\":\"light\",\"title_element\":\"h3\",\"title_hover_style\":\"reset\"},\"children\":[{\"type\":\"gallery_item\",\"props\":{\"image\":\"wp-content\\\/uploads\\\/2024\\\/03\\\/dj-panko-delahuerta-01.jpg\",\"title\":\"dj-panko-delahuerta-01\"}},{\"type\":\"gallery_item\",\"props\":{\"image\":\"wp-content\\\/uploads\\\/2024\\\/03\\\/dj-panko-delahuerta-08.jpg\",\"title\":\"dj-panko-delahuerta-08\"}},{\"type\":\"gallery_item\",\"props\":{\"image\":\"wp-content\\\/uploads\\\/2024\\\/03\\\/dj-panko-delahuerta-07.jpg\",\"title\":\"dj-panko-delahuerta-07\"}},{\"type\":\"gallery_item\",\"props\":{\"image\":\"wp-content\\\/uploads\\\/2024\\\/03\\\/dj-panko-delahuerta-06.jpg\",\"title\":\"dj-panko-delahuerta-06\"}},{\"type\":\"gallery_item\",\"props\":{\"image\":\"wp-content\\\/uploads\\\/2024\\\/03\\\/dj-panko-delahuerta-05.jpg\",\"title\":\"dj-panko-delahuerta-05\"}},{\"type\":\"gallery_item\",\"props\":{\"image\":\"wp-content\\\/uploads\\\/2024\\\/03\\\/dj-panko-delahuerta-04.jpg\",\"title\":\"dj-panko-delahuerta-04\"}},{\"type\":\"gallery_item\",\"props\":{\"image\":\"wp-content\\\/uploads\\\/2024\\\/03\\\/dj-panko-delahuerta-03.jpg\",\"title\":\"dj-panko-delahuerta-03\"}},{\"type\":\"gallery_item\",\"props\":{\"image\":\"wp-content\\\/uploads\\\/2024\\\/03\\\/dj-panko-delahuerta-02.jpg\",\"title\":\"dj-panko-delahuerta-02\"}}]}]}]}]}],\"version\":\"4.3.8\"} --><\/p>\n","protected":false},"excerpt":{"rendered":"<p>Paco Gab\u00e0s, m\u00e9s conegut com a DJ.Panko \u00e9s un referent de l\u2019escena barcelonina des de temps immemorials Sobre DJ.Panko Paco Gab\u00e0s, m\u00e9s conegut com a DJ.Panko \u00e9s un referent de l&#8217;escena barcelonina des de temps immemorials. Durant m\u00e9s de deu anys ha recorregut el m\u00f3n com a DJ del grup Ojos de Brujo, guanyadors del [&hellip;]<\/p>\n","protected":false},"author":1,"featured_media":0,"parent":0,"menu_order":0,"comment_status":"closed","ping_status":"closed","template":"","meta":{"_acf_changed":false,"footnotes":""},"class_list":["post-85","page","type-page","status-publish","hentry"],"acf":[],"yoast_head":"<!-- This site is optimized with the Yoast SEO plugin v27.4 - https:\/\/yoast.com\/product\/yoast-seo-wordpress\/ -->\n<title>DJ.Panko - Delahuerta<\/title>\n<meta name=\"robots\" content=\"index, follow, max-snippet:-1, max-image-preview:large, max-video-preview:-1\" \/>\n<link rel=\"canonical\" href=\"https:\/\/delahuerta.art\/ca\/dj-panko\/\" \/>\n<meta name=\"twitter:label1\" content=\"Temps estimat de lectura\" \/>\n\t<meta name=\"twitter:data1\" content=\"3 minuts\" \/>\n<script type=\"application\/ld+json\" class=\"yoast-schema-graph\">{\"@context\":\"https:\\\/\\\/schema.org\",\"@graph\":[{\"@type\":\"WebPage\",\"@id\":\"https:\\\/\\\/delahuerta.art\\\/ca\\\/dj-panko\\\/\",\"url\":\"https:\\\/\\\/delahuerta.art\\\/ca\\\/dj-panko\\\/\",\"name\":\"DJ.Panko - Delahuerta\",\"isPartOf\":{\"@id\":\"https:\\\/\\\/delahuerta.art\\\/ca\\\/#website\"},\"datePublished\":\"2024-03-25T10:14:48+00:00\",\"dateModified\":\"2024-03-29T14:46:14+00:00\",\"breadcrumb\":{\"@id\":\"https:\\\/\\\/delahuerta.art\\\/ca\\\/dj-panko\\\/#breadcrumb\"},\"inLanguage\":\"ca\",\"potentialAction\":[{\"@type\":\"ReadAction\",\"target\":[\"https:\\\/\\\/delahuerta.art\\\/ca\\\/dj-panko\\\/\"]}]},{\"@type\":\"BreadcrumbList\",\"@id\":\"https:\\\/\\\/delahuerta.art\\\/ca\\\/dj-panko\\\/#breadcrumb\",\"itemListElement\":[{\"@type\":\"ListItem\",\"position\":1,\"name\":\"Portada\",\"item\":\"https:\\\/\\\/delahuerta.art\\\/ca\\\/\"},{\"@type\":\"ListItem\",\"position\":2,\"name\":\"DJ.Panko\"}]},{\"@type\":\"WebSite\",\"@id\":\"https:\\\/\\\/delahuerta.art\\\/ca\\\/#website\",\"url\":\"https:\\\/\\\/delahuerta.art\\\/ca\\\/\",\"name\":\"Delahuerta\",\"description\":\"\",\"publisher\":{\"@id\":\"https:\\\/\\\/delahuerta.art\\\/ca\\\/#organization\"},\"potentialAction\":[{\"@type\":\"SearchAction\",\"target\":{\"@type\":\"EntryPoint\",\"urlTemplate\":\"https:\\\/\\\/delahuerta.art\\\/ca\\\/?s={search_term_string}\"},\"query-input\":{\"@type\":\"PropertyValueSpecification\",\"valueRequired\":true,\"valueName\":\"search_term_string\"}}],\"inLanguage\":\"ca\"},{\"@type\":\"Organization\",\"@id\":\"https:\\\/\\\/delahuerta.art\\\/ca\\\/#organization\",\"name\":\"Delahuerta\",\"url\":\"https:\\\/\\\/delahuerta.art\\\/ca\\\/\",\"logo\":{\"@type\":\"ImageObject\",\"inLanguage\":\"ca\",\"@id\":\"https:\\\/\\\/delahuerta.art\\\/ca\\\/#\\\/schema\\\/logo\\\/image\\\/\",\"url\":\"https:\\\/\\\/delahuerta.art\\\/wp-content\\\/uploads\\\/2024\\\/02\\\/delahuerta-logo.jpg\",\"contentUrl\":\"https:\\\/\\\/delahuerta.art\\\/wp-content\\\/uploads\\\/2024\\\/02\\\/delahuerta-logo.jpg\",\"width\":577,\"height\":192,\"caption\":\"Delahuerta\"},\"image\":{\"@id\":\"https:\\\/\\\/delahuerta.art\\\/ca\\\/#\\\/schema\\\/logo\\\/image\\\/\"},\"sameAs\":[\"https:\\\/\\\/www.instagram.com\\\/delahuerta.dj.panko\",\"https:\\\/\\\/soundcloud.com\\\/dj-panko\"]}]}<\/script>\n<!-- \/ Yoast SEO plugin. -->","yoast_head_json":{"title":"DJ.Panko - Delahuerta","robots":{"index":"index","follow":"follow","max-snippet":"max-snippet:-1","max-image-preview":"max-image-preview:large","max-video-preview":"max-video-preview:-1"},"canonical":"https:\/\/delahuerta.art\/ca\/dj-panko\/","twitter_misc":{"Temps estimat de lectura":"3 minuts"},"schema":{"@context":"https:\/\/schema.org","@graph":[{"@type":"WebPage","@id":"https:\/\/delahuerta.art\/ca\/dj-panko\/","url":"https:\/\/delahuerta.art\/ca\/dj-panko\/","name":"DJ.Panko - Delahuerta","isPartOf":{"@id":"https:\/\/delahuerta.art\/ca\/#website"},"datePublished":"2024-03-25T10:14:48+00:00","dateModified":"2024-03-29T14:46:14+00:00","breadcrumb":{"@id":"https:\/\/delahuerta.art\/ca\/dj-panko\/#breadcrumb"},"inLanguage":"ca","potentialAction":[{"@type":"ReadAction","target":["https:\/\/delahuerta.art\/ca\/dj-panko\/"]}]},{"@type":"BreadcrumbList","@id":"https:\/\/delahuerta.art\/ca\/dj-panko\/#breadcrumb","itemListElement":[{"@type":"ListItem","position":1,"name":"Portada","item":"https:\/\/delahuerta.art\/ca\/"},{"@type":"ListItem","position":2,"name":"DJ.Panko"}]},{"@type":"WebSite","@id":"https:\/\/delahuerta.art\/ca\/#website","url":"https:\/\/delahuerta.art\/ca\/","name":"Delahuerta","description":"","publisher":{"@id":"https:\/\/delahuerta.art\/ca\/#organization"},"potentialAction":[{"@type":"SearchAction","target":{"@type":"EntryPoint","urlTemplate":"https:\/\/delahuerta.art\/ca\/?s={search_term_string}"},"query-input":{"@type":"PropertyValueSpecification","valueRequired":true,"valueName":"search_term_string"}}],"inLanguage":"ca"},{"@type":"Organization","@id":"https:\/\/delahuerta.art\/ca\/#organization","name":"Delahuerta","url":"https:\/\/delahuerta.art\/ca\/","logo":{"@type":"ImageObject","inLanguage":"ca","@id":"https:\/\/delahuerta.art\/ca\/#\/schema\/logo\/image\/","url":"https:\/\/delahuerta.art\/wp-content\/uploads\/2024\/02\/delahuerta-logo.jpg","contentUrl":"https:\/\/delahuerta.art\/wp-content\/uploads\/2024\/02\/delahuerta-logo.jpg","width":577,"height":192,"caption":"Delahuerta"},"image":{"@id":"https:\/\/delahuerta.art\/ca\/#\/schema\/logo\/image\/"},"sameAs":["https:\/\/www.instagram.com\/delahuerta.dj.panko","https:\/\/soundcloud.com\/dj-panko"]}]}},"_links":{"self":[{"href":"https:\/\/delahuerta.art\/ca\/wp-json\/wp\/v2\/pages\/85","targetHints":{"allow":["GET"]}}],"collection":[{"href":"https:\/\/delahuerta.art\/ca\/wp-json\/wp\/v2\/pages"}],"about":[{"href":"https:\/\/delahuerta.art\/ca\/wp-json\/wp\/v2\/types\/page"}],"author":[{"embeddable":true,"href":"https:\/\/delahuerta.art\/ca\/wp-json\/wp\/v2\/users\/1"}],"replies":[{"embeddable":true,"href":"https:\/\/delahuerta.art\/ca\/wp-json\/wp\/v2\/comments?post=85"}],"version-history":[{"count":4,"href":"https:\/\/delahuerta.art\/ca\/wp-json\/wp\/v2\/pages\/85\/revisions"}],"predecessor-version":[{"id":400,"href":"https:\/\/delahuerta.art\/ca\/wp-json\/wp\/v2\/pages\/85\/revisions\/400"}],"wp:attachment":[{"href":"https:\/\/delahuerta.art\/ca\/wp-json\/wp\/v2\/media?parent=85"}],"curies":[{"name":"wp","href":"https:\/\/api.w.org\/{rel}","templated":true}]}}