{"id":88,"date":"2024-03-25T11:15:02","date_gmt":"2024-03-25T10:15:02","guid":{"rendered":"https:\/\/delahuerta.art\/?page_id=88"},"modified":"2024-03-29T15:48:44","modified_gmt":"2024-03-29T14:48:44","slug":"musics","status":"publish","type":"page","link":"https:\/\/delahuerta.art\/ca\/musics\/","title":{"rendered":"M\u00fasics"},"content":{"rendered":"<h2>M\u00fasiques del m\u00f3n amb sons d\u2019animals i bases electr\u00f2niques<br \/>\nAix\u00f2 \u00e9s Delahuerta!<br \/>\n<\/h2>\n<ul>\n<li>\n<p>        <img decoding=\"async\" src=\"\/wp-content\/uploads\/2024\/03\/delahuerta-musicos-djpanko.jpg\" alt=\"\"><\/p>\n<h3>DJ.Panko<\/h3>\n<p>Producci\u00f3n musical, DJ, Vocales<\/p>\n<\/li>\n<li>\n<p>        <img decoding=\"async\" src=\"\/wp-content\/uploads\/2024\/03\/delahuerta-musicos-stella-papalamprou.jpg\" alt=\"\"><\/p>\n<h3>Stella Papalamprou<\/h3>\n<p>Int\u00e9rprete, vocalista<\/p>\n<\/li>\n<li>\n<p>        <img decoding=\"async\" src=\"\/wp-content\/uploads\/2024\/03\/delahuerta-musicos-laiza.jpg\" alt=\"\"><\/p>\n<h3>Laiza<\/h3>\n<p>Int\u00e9rprete, vocalista<\/p>\n<\/li>\n<li>\n<p>        <img decoding=\"async\" src=\"\/wp-content\/uploads\/2024\/03\/delahuerta-musicos-jimena.jpg\" alt=\"\"><\/p>\n<h3>Jimena<\/h3>\n<p>Percusi\u00f3n<\/p>\n<\/li>\n<li>\n<p>        <img decoding=\"async\" src=\"\/wp-content\/uploads\/2024\/03\/delahuerta-musicos-orchizero.jpg\" alt=\"\"><\/p>\n<h3>Orchizero<\/h3>\n<p>Guitarra espa\u00f1ola<\/p>\n<\/li>\n<li>\n<p>        <img decoding=\"async\" src=\"\/wp-content\/uploads\/2024\/03\/delahuerta-musicos-ernseto-briceno.jpg\" alt=\"\"><\/p>\n<h3>Ernesto Brice\u00f1o<\/h3>\n<p>Viol\u00edn<\/p>\n<\/li>\n<li>\n<p>        <img decoding=\"async\" src=\"\/wp-content\/uploads\/2024\/03\/delahuerta-musicos-sasha-agranov.jpg\" alt=\"\"><\/p>\n<h3>Sasha Agranov<\/h3>\n<p>Violencello<\/p>\n<\/li>\n<li>\n<p>        <img decoding=\"async\" src=\"\/wp-content\/uploads\/2024\/03\/delahuerta-visuales-alexandra-ortiz.jpg\" alt=\"\"><\/p>\n<h3>Alexandra Ortiz<\/h3>\n<p>Visual Art<\/p>\n<\/li>\n<\/ul>\n<h3>Delahuerta Directe<\/h3>\n<p><img decoding=\"async\" src=\"\/wp-content\/uploads\/2024\/02\/delahuerta-bg.jpg\" alt=\"\"><\/p>\n<h3>Col\u00b7laboracions \u00e0lbum<\/h3>\n<div>\n<p>M\u00db MBANA (Ngoni, tongoro i veu) Bolama, Guinea-Bissau<br \/>ANTONIO RESTUCCI (Mandolina) Xile<br \/>GYAN SINGH (Taules i Dholl\u00e1k) Nova Delhi, \u00cdndia<br \/>PEU MEURREY (Surdo Bir\u00e1do i berimbau) Brasil<br \/>CID TRAVAGLIA (Percussi\u00f3 Brasilera) Rio de Janeiro<br \/>WELLINGTON COELHO (Percussi\u00f3 Brasilera) Rio de Janeiro<br \/>MORGAN STERN (Percussi\u00f3 Brasilera) Rio de Janeiro<br \/>MIMIS NIKOLOPOULOS (Guitarra i secci\u00f3 de metalls) Gr\u00e8cia<br \/>SERGIO DI FINIZIO (Baix El\u00e8ctric) It\u00e0lia<br \/>ANTONIO ORCHIZERO (Palmes, Caix\u00f3 i Guitarres) Barcelona<br \/>PACO LOME\u00d1A (Guitarra) M\u00e0laga<br \/>STELLA PAPALAMPROU (Veu) Gr\u00e8cia<br \/>ZOLTAN LANTOS (Viol\u00ed) Hongria<br \/>THEODOROS KOUMARTZIS (Lira Grega) Gr\u00e8cia<br \/>KOSTAS BATSILAS (Sol trompeta en Mirlos) Gr\u00e8cia<br \/>LARA WONG (Bans\u00fari) Canad\u00e0-Jap\u00f2<\/p>\n<\/div>\n<hr>\n<p><img decoding=\"async\" src=\"\/wp-content\/uploads\/2024\/03\/delahuerta-musicos-22.jpg\" alt=\"\"><\/p>\n<div>Dues opcions de directe: full band i DJ + 2 m\u00fasics<\/div>\n<ul>\n<li>\n<p>        <img decoding=\"async\" src=\"\/wp-content\/uploads\/2024\/03\/delahuerta-musicos-01.jpg\" alt=\"\"><\/p>\n<h3>delahuerta-musicos-01<\/h3>\n<\/li>\n<li>\n<p>        <img decoding=\"async\" src=\"\/wp-content\/uploads\/2024\/03\/delahuerta-musicos-02.jpg\" alt=\"\"><\/p>\n<h3>delahuerta-musicos-02<\/h3>\n<\/li>\n<li>\n<p>        <img decoding=\"async\" src=\"\/wp-content\/uploads\/2024\/03\/delahuerta-musicos-03.jpg\" alt=\"\"><\/p>\n<h3>delahuerta-musicos-03<\/h3>\n<\/li>\n<li>\n<p>        <img decoding=\"async\" src=\"\/wp-content\/uploads\/2024\/03\/delahuerta-musicos-04.jpg\" alt=\"\"><\/p>\n<h3>delahuerta-musicos-04<\/h3>\n<\/li>\n<li>\n<p>        <img decoding=\"async\" src=\"\/wp-content\/uploads\/2024\/03\/delahuerta-musicos-05.jpg\" alt=\"\"><\/p>\n<h3>delahuerta-musicos-05<\/h3>\n<\/li>\n<li>\n<p>        <img decoding=\"async\" src=\"\/wp-content\/uploads\/2024\/03\/delahuerta-musicos-06.jpg\" alt=\"\"><\/p>\n<h3>delahuerta-musicos-06<\/h3>\n<\/li>\n<li>\n<p>        <img decoding=\"async\" src=\"\/wp-content\/uploads\/2024\/03\/delahuerta-musicos-08.jpg\" alt=\"\"><\/p>\n<h3>delahuerta-musicos-08<\/h3>\n<\/li>\n<li>\n<p>        <img decoding=\"async\" src=\"\/wp-content\/uploads\/2024\/03\/delahuerta-musicos-10.jpg\" alt=\"\"><\/p>\n<h3>delahuerta-musicos-10<\/h3>\n<\/li>\n<li>\n<p>        <img decoding=\"async\" src=\"\/wp-content\/uploads\/2024\/03\/delahuerta-musicos-13.jpg\" alt=\"\"><\/p>\n<h3>delahuerta-musicos-13<\/h3>\n<\/li>\n<li>\n<p>        <img decoding=\"async\" src=\"\/wp-content\/uploads\/2024\/03\/delahuerta-musicos-15.jpg\" alt=\"\"><\/p>\n<h3>delahuerta-musicos-15<\/h3>\n<\/li>\n<li>\n<p>        <img decoding=\"async\" src=\"\/wp-content\/uploads\/2024\/03\/delahuerta-musicos-16.jpg\" alt=\"\"><\/p>\n<h3>delahuerta-musicos-16<\/h3>\n<\/li>\n<li>\n<p>        <img decoding=\"async\" src=\"\/wp-content\/uploads\/2024\/03\/delahuerta-musicos-17.jpg\" alt=\"\"><\/p>\n<h3>delahuerta-musicos-17<\/h3>\n<\/li>\n<li>\n<p>        <img decoding=\"async\" src=\"\/wp-content\/uploads\/2024\/03\/delahuerta-musicos-18.jpg\" alt=\"\"><\/p>\n<h3>delahuerta-musicos-18<\/h3>\n<\/li>\n<li>\n<p>        <img decoding=\"async\" src=\"\/wp-content\/uploads\/2024\/03\/delahuerta-musicos-20.jpg\" alt=\"\"><\/p>\n<h3>delahuerta-musicos-20<\/h3>\n<\/li>\n<li>\n<p>        <img decoding=\"async\" src=\"\/wp-content\/uploads\/2024\/03\/delahuerta-musicos-22.jpg\" alt=\"\"><\/p>\n<h3>delahuerta-musicos-22<\/h3>\n<\/li>\n<li>\n<p>        <img decoding=\"async\" src=\"\/wp-content\/uploads\/2024\/03\/delahuerta-musicos-24.jpg\" alt=\"\"><\/p>\n<h3>delahuerta-musicos-24<\/h3>\n<\/li>\n<\/ul>\n<p><!--more--><br \/>\n<!-- {\"type\":\"layout\",\"children\":[{\"type\":\"section\",\"props\":{\"image_position\":\"center-center\",\"style\":\"default\",\"title_breakpoint\":\"xl\",\"title_position\":\"top-left\",\"title_rotation\":\"left\",\"vertical_align\":\"middle\",\"width\":\"default\"},\"children\":[{\"type\":\"row\",\"children\":[{\"type\":\"column\",\"props\":{\"image_position\":\"center-center\",\"position_sticky_breakpoint\":\"m\"},\"children\":[{\"type\":\"headline\",\"props\":{\"title_element\":\"h1\"},\"source\":{\"query\":{\"name\":\"pages.singlePage\"},\"props\":{\"content\":{\"filters\":{\"search\":\"\"},\"name\":\"title\"}}}},{\"type\":\"headline\",\"props\":{\"content\":\"M\\u00fasiques del m\\u00f3n amb sons d\\u2019animals i bases electr\\u00f2niques<br \/>\\nAix\\u00f2 \\u00e9s Delahuerta!\\n\",\"title_element\":\"h2\"}}]}]}]},{\"type\":\"section\",\"props\":{\"image_position\":\"center-center\",\"padding\":\"none\",\"style\":\"default\",\"title_breakpoint\":\"xl\",\"title_position\":\"top-left\",\"title_rotation\":\"left\",\"vertical_align\":\"middle\",\"width\":\"\"},\"children\":[{\"type\":\"row\",\"children\":[{\"type\":\"column\",\"props\":{\"image_position\":\"center-center\",\"position_sticky_breakpoint\":\"m\"},\"children\":[{\"type\":\"overlay-slider\",\"props\":{\"link_style\":\"default\",\"link_text\":\"Read more\",\"margin\":\"default\",\"meta_align\":\"below-title\",\"meta_element\":\"div\",\"meta_margin\":\"remove\",\"meta_style\":\"text-meta\",\"nav\":\"dotnav\",\"nav_align\":\"center\",\"nav_breakpoint\":\"s\",\"overlay_display\":\"hover\",\"overlay_link\":false,\"overlay_mode\":\"cover\",\"overlay_padding\":\"large\",\"overlay_position\":\"center\",\"overlay_style\":\"overlay-primary\",\"overlay_transition\":\"fade\",\"overlay_transition_background\":false,\"show_content\":true,\"show_hover_image\":true,\"show_link\":true,\"show_meta\":true,\"show_title\":true,\"slidenav\":\"default\",\"slidenav_breakpoint\":\"s\",\"slidenav_margin\":\"medium\",\"slidenav_outside_breakpoint\":\"xl\",\"slider_autoplay_pause\":true,\"slider_center\":false,\"slider_gap\":\"\",\"slider_sets\":false,\"slider_width\":\"fixed\",\"slider_width_default\":\"1-1\",\"slider_width_medium\":\"1-3\",\"text_align\":\"center\",\"text_color\":\"light\",\"title_element\":\"h3\",\"title_hover_style\":\"reset\",\"title_style\":\"h2\",\"title_transition\":\"slide-bottom-small\"},\"children\":[{\"type\":\"overlay-slider_item\",\"props\":{\"image\":\"wp-content\\\/uploads\\\/2024\\\/03\\\/delahuerta-musicos-djpanko.jpg\",\"meta\":\"Producci\\u00f3n musical, DJ, Vocales\",\"title\":\"DJ.Panko\"}},{\"type\":\"overlay-slider_item\",\"props\":{\"image\":\"wp-content\\\/uploads\\\/2024\\\/03\\\/delahuerta-musicos-stella-papalamprou.jpg\",\"meta\":\"Int\\u00e9rprete, vocalista\",\"title\":\"Stella Papalamprou\"}},{\"type\":\"overlay-slider_item\",\"props\":{\"image\":\"wp-content\\\/uploads\\\/2024\\\/03\\\/delahuerta-musicos-laiza.jpg\",\"meta\":\"Int\\u00e9rprete, vocalista\",\"title\":\"Laiza\"}},{\"type\":\"overlay-slider_item\",\"props\":{\"image\":\"wp-content\\\/uploads\\\/2024\\\/03\\\/delahuerta-musicos-jimena.jpg\",\"meta\":\"Percusi\\u00f3n\",\"title\":\"Jimena\"}},{\"type\":\"overlay-slider_item\",\"props\":{\"image\":\"wp-content\\\/uploads\\\/2024\\\/03\\\/delahuerta-musicos-orchizero.jpg\",\"meta\":\"Guitarra espa\\u00f1ola\",\"title\":\"Orchizero\"}},{\"type\":\"overlay-slider_item\",\"props\":{\"image\":\"wp-content\\\/uploads\\\/2024\\\/03\\\/delahuerta-musicos-ernseto-briceno.jpg\",\"meta\":\"Viol\\u00edn\",\"title\":\"Ernesto Brice\\u00f1o\"}},{\"type\":\"overlay-slider_item\",\"props\":{\"image\":\"wp-content\\\/uploads\\\/2024\\\/03\\\/delahuerta-musicos-sasha-agranov.jpg\",\"meta\":\"Violencello\",\"title\":\"Sasha Agranov\"}},{\"type\":\"overlay-slider_item\",\"props\":{\"image\":\"wp-content\\\/uploads\\\/2024\\\/03\\\/delahuerta-visuales-alexandra-ortiz.jpg\",\"meta\":\"Visual Art\",\"title\":\"Alexandra Ortiz\"}}]}]}]}]},{\"type\":\"section\",\"props\":{\"image_position\":\"center-center\",\"style\":\"default\",\"title_breakpoint\":\"xl\",\"title_position\":\"top-left\",\"title_rotation\":\"left\",\"vertical_align\":\"middle\",\"width\":\"default\"},\"children\":[{\"type\":\"row\",\"props\":{\"layout\":\"3-5,2-5\"},\"children\":[{\"type\":\"column\",\"props\":{\"image_position\":\"center-center\",\"position_sticky_breakpoint\":\"m\",\"width_medium\":\"3-5\"},\"children\":[{\"type\":\"headline\",\"props\":{\"content\":\"Delahuerta Directe\",\"title_element\":\"h3\"}},{\"type\":\"image\",\"props\":{\"image\":\"wp-content\\\/uploads\\\/2024\\\/02\\\/delahuerta-bg.jpg\",\"image_svg_color\":\"emphasis\",\"margin\":\"default\"}}]},{\"type\":\"column\",\"props\":{\"image_position\":\"center-center\",\"position_sticky_breakpoint\":\"m\",\"width_medium\":\"2-5\"},\"children\":[{\"type\":\"headline\",\"props\":{\"content\":\"Col\\u00b7laboracions \\u00e0lbum\",\"title_element\":\"h3\"}},{\"type\":\"text\",\"props\":{\"column_breakpoint\":\"m\",\"content\":\"\n\n<p>M\\u00db MBANA (Ngoni, tongoro i veu) Bolama, Guinea-Bissau<br \\\/>ANTONIO RESTUCCI (Mandolina) Xile<br \\\/>GYAN SINGH (Taules i Dholl\\u00e1k) Nova Delhi, \\u00cdndia<br \\\/>PEU MEURREY (Surdo Bir\\u00e1do i berimbau) Brasil<br \\\/>CID TRAVAGLIA (Percussi\\u00f3 Brasilera) Rio de Janeiro<br \\\/>WELLINGTON COELHO (Percussi\\u00f3 Brasilera) Rio de Janeiro<br \\\/>MORGAN STERN (Percussi\\u00f3 Brasilera) Rio de Janeiro<br \\\/>MIMIS NIKOLOPOULOS (Guitarra i secci\\u00f3 de metalls) Gr\\u00e8cia<br \\\/>SERGIO DI FINIZIO (Baix El\\u00e8ctric) It\\u00e0lia<br \\\/>ANTONIO ORCHIZERO (Palmes, Caix\\u00f3 i Guitarres) Barcelona<br \\\/>PACO LOME\\u00d1A (Guitarra) M\\u00e0laga<br \\\/>STELLA PAPALAMPROU (Veu) Gr\\u00e8cia<br \\\/>ZOLTAN LANTOS (Viol\\u00ed) Hongria<br \\\/>THEODOROS KOUMARTZIS (Lira Grega) Gr\\u00e8cia<br \\\/>KOSTAS BATSILAS (Sol trompeta en Mirlos) Gr\\u00e8cia<br \\\/>LARA WONG (Bans\\u00fari) Canad\\u00e0-Jap\\u00f2<\\\/p>\",\"margin\":\"default\"}}]}]},{\"type\":\"row\",\"children\":[{\"type\":\"column\",\"props\":{\"image_position\":\"center-center\",\"position_sticky_breakpoint\":\"m\"},\"children\":[{\"type\":\"divider\",\"props\":{\"divider_element\":\"hr\",\"divider_style\":\"vertical\"}},{\"type\":\"image\",\"props\":{\"image\":\"wp-content\\\/uploads\\\/2024\\\/03\\\/delahuerta-musicos-22.jpg\",\"image_svg_color\":\"emphasis\",\"margin\":\"default\"}},{\"type\":\"text\",\"props\":{\"column_breakpoint\":\"m\",\"content\":\"Dues opcions de directe: full band i DJ + 2 m\\u00fasics\",\"margin\":\"default\"}}]}]}]},{\"type\":\"section\",\"props\":{\"image_position\":\"center-center\",\"padding\":\"none\",\"style\":\"default\",\"title_breakpoint\":\"xl\",\"title_position\":\"top-left\",\"title_rotation\":\"left\",\"vertical_align\":\"middle\",\"width\":\"\"},\"children\":[{\"type\":\"row\",\"children\":[{\"type\":\"column\",\"props\":{\"image_position\":\"center-center\",\"position_sticky_breakpoint\":\"m\"},\"children\":[{\"type\":\"gallery\",\"props\":{\"filter_align\":\"left\",\"filter_all\":true,\"filter_grid_breakpoint\":\"m\",\"filter_grid_width\":\"auto\",\"filter_position\":\"top\",\"filter_style\":\"tab\",\"grid_column_gap\":\"collapse\",\"grid_default\":\"1\",\"grid_medium\":\"4\",\"grid_row_gap\":\"collapse\",\"image_height\":\"480\",\"image_loading\":true,\"image_transition\":\"scale-up\",\"image_width\":\"720\",\"item_animation\":true,\"lightbox\":true,\"lightbox_image_orientation\":true,\"link_style\":\"\",\"link_text\":\"+\",\"link_transition\":\"scale-up\",\"margin\":\"default\",\"meta_align\":\"below-title\",\"meta_element\":\"div\",\"meta_style\":\"text-meta\",\"overlay_hover\":true,\"overlay_link\":true,\"overlay_mode\":\"cover\",\"overlay_position\":\"center\",\"overlay_style\":\"overlay-primary\",\"overlay_transition\":\"fade\",\"show_content\":true,\"show_hover_image\":true,\"show_link\":true,\"show_meta\":true,\"show_title\":false,\"text_align\":\"center\",\"text_color\":\"light\",\"title_element\":\"h3\",\"title_hover_style\":\"reset\"},\"children\":[{\"type\":\"gallery_item\",\"props\":{\"image\":\"wp-content\\\/uploads\\\/2024\\\/03\\\/delahuerta-musicos-01.jpg\",\"title\":\"delahuerta-musicos-01\"}},{\"type\":\"gallery_item\",\"props\":{\"image\":\"wp-content\\\/uploads\\\/2024\\\/03\\\/delahuerta-musicos-02.jpg\",\"title\":\"delahuerta-musicos-02\"}},{\"type\":\"gallery_item\",\"props\":{\"image\":\"wp-content\\\/uploads\\\/2024\\\/03\\\/delahuerta-musicos-03.jpg\",\"title\":\"delahuerta-musicos-03\"}},{\"type\":\"gallery_item\",\"props\":{\"image\":\"wp-content\\\/uploads\\\/2024\\\/03\\\/delahuerta-musicos-04.jpg\",\"title\":\"delahuerta-musicos-04\"}},{\"type\":\"gallery_item\",\"props\":{\"image\":\"wp-content\\\/uploads\\\/2024\\\/03\\\/delahuerta-musicos-05.jpg\",\"title\":\"delahuerta-musicos-05\"}},{\"type\":\"gallery_item\",\"props\":{\"image\":\"wp-content\\\/uploads\\\/2024\\\/03\\\/delahuerta-musicos-06.jpg\",\"title\":\"delahuerta-musicos-06\"}},{\"type\":\"gallery_item\",\"props\":{\"image\":\"wp-content\\\/uploads\\\/2024\\\/03\\\/delahuerta-musicos-08.jpg\",\"title\":\"delahuerta-musicos-08\"}},{\"type\":\"gallery_item\",\"props\":{\"image\":\"wp-content\\\/uploads\\\/2024\\\/03\\\/delahuerta-musicos-10.jpg\",\"title\":\"delahuerta-musicos-10\"}},{\"type\":\"gallery_item\",\"props\":{\"image\":\"wp-content\\\/uploads\\\/2024\\\/03\\\/delahuerta-musicos-13.jpg\",\"title\":\"delahuerta-musicos-13\"}},{\"type\":\"gallery_item\",\"props\":{\"image\":\"wp-content\\\/uploads\\\/2024\\\/03\\\/delahuerta-musicos-15.jpg\",\"title\":\"delahuerta-musicos-15\"}},{\"type\":\"gallery_item\",\"props\":{\"image\":\"wp-content\\\/uploads\\\/2024\\\/03\\\/delahuerta-musicos-16.jpg\",\"title\":\"delahuerta-musicos-16\"}},{\"type\":\"gallery_item\",\"props\":{\"image\":\"wp-content\\\/uploads\\\/2024\\\/03\\\/delahuerta-musicos-17.jpg\",\"title\":\"delahuerta-musicos-17\"}},{\"type\":\"gallery_item\",\"props\":{\"image\":\"wp-content\\\/uploads\\\/2024\\\/03\\\/delahuerta-musicos-18.jpg\",\"title\":\"delahuerta-musicos-18\"}},{\"type\":\"gallery_item\",\"props\":{\"image\":\"wp-content\\\/uploads\\\/2024\\\/03\\\/delahuerta-musicos-20.jpg\",\"title\":\"delahuerta-musicos-20\"}},{\"type\":\"gallery_item\",\"props\":{\"image\":\"wp-content\\\/uploads\\\/2024\\\/03\\\/delahuerta-musicos-22.jpg\",\"title\":\"delahuerta-musicos-22\"}},{\"type\":\"gallery_item\",\"props\":{\"image\":\"wp-content\\\/uploads\\\/2024\\\/03\\\/delahuerta-musicos-24.jpg\",\"title\":\"delahuerta-musicos-24\"}}]}]}]}]}],\"version\":\"4.3.8\"} --><\/p>\n","protected":false},"excerpt":{"rendered":"<p>M\u00fasiques del m\u00f3n amb sons d\u2019animals i bases electr\u00f2niques Aix\u00f2 \u00e9s Delahuerta! DJ.Panko Producci\u00f3n musical, DJ, Vocales Stella Papalamprou Int\u00e9rprete, vocalista Laiza Int\u00e9rprete, vocalista Jimena Percusi\u00f3n Orchizero Guitarra espa\u00f1ola Ernesto Brice\u00f1o Viol\u00edn Sasha Agranov Violencello Alexandra Ortiz Visual Art Delahuerta Directe Col\u00b7laboracions \u00e0lbum M\u00db MBANA (Ngoni, tongoro i veu) Bolama, Guinea-BissauANTONIO RESTUCCI (Mandolina) XileGYAN SINGH [&hellip;]<\/p>\n","protected":false},"author":1,"featured_media":0,"parent":0,"menu_order":0,"comment_status":"closed","ping_status":"closed","template":"","meta":{"_acf_changed":false,"footnotes":""},"class_list":["post-88","page","type-page","status-publish","hentry"],"acf":[],"yoast_head":"<!-- This site is optimized with the Yoast SEO plugin v27.4 - https:\/\/yoast.com\/product\/yoast-seo-wordpress\/ -->\n<title>M\u00fasics - Delahuerta<\/title>\n<meta name=\"robots\" content=\"index, follow, max-snippet:-1, max-image-preview:large, max-video-preview:-1\" \/>\n<link rel=\"canonical\" href=\"https:\/\/delahuerta.art\/ca\/musics\/\" \/>\n<meta name=\"twitter:label1\" content=\"Temps estimat de lectura\" \/>\n\t<meta name=\"twitter:data1\" content=\"6 minuts\" \/>\n<script type=\"application\/ld+json\" class=\"yoast-schema-graph\">{\"@context\":\"https:\\\/\\\/schema.org\",\"@graph\":[{\"@type\":\"WebPage\",\"@id\":\"https:\\\/\\\/delahuerta.art\\\/ca\\\/musics\\\/\",\"url\":\"https:\\\/\\\/delahuerta.art\\\/ca\\\/musics\\\/\",\"name\":\"M\u00fasics - Delahuerta\",\"isPartOf\":{\"@id\":\"https:\\\/\\\/delahuerta.art\\\/ca\\\/#website\"},\"datePublished\":\"2024-03-25T10:15:02+00:00\",\"dateModified\":\"2024-03-29T14:48:44+00:00\",\"breadcrumb\":{\"@id\":\"https:\\\/\\\/delahuerta.art\\\/ca\\\/musics\\\/#breadcrumb\"},\"inLanguage\":\"ca\",\"potentialAction\":[{\"@type\":\"ReadAction\",\"target\":[\"https:\\\/\\\/delahuerta.art\\\/ca\\\/musics\\\/\"]}]},{\"@type\":\"BreadcrumbList\",\"@id\":\"https:\\\/\\\/delahuerta.art\\\/ca\\\/musics\\\/#breadcrumb\",\"itemListElement\":[{\"@type\":\"ListItem\",\"position\":1,\"name\":\"Portada\",\"item\":\"https:\\\/\\\/delahuerta.art\\\/ca\\\/\"},{\"@type\":\"ListItem\",\"position\":2,\"name\":\"M\u00fasics\"}]},{\"@type\":\"WebSite\",\"@id\":\"https:\\\/\\\/delahuerta.art\\\/ca\\\/#website\",\"url\":\"https:\\\/\\\/delahuerta.art\\\/ca\\\/\",\"name\":\"Delahuerta\",\"description\":\"\",\"publisher\":{\"@id\":\"https:\\\/\\\/delahuerta.art\\\/ca\\\/#organization\"},\"potentialAction\":[{\"@type\":\"SearchAction\",\"target\":{\"@type\":\"EntryPoint\",\"urlTemplate\":\"https:\\\/\\\/delahuerta.art\\\/ca\\\/?s={search_term_string}\"},\"query-input\":{\"@type\":\"PropertyValueSpecification\",\"valueRequired\":true,\"valueName\":\"search_term_string\"}}],\"inLanguage\":\"ca\"},{\"@type\":\"Organization\",\"@id\":\"https:\\\/\\\/delahuerta.art\\\/ca\\\/#organization\",\"name\":\"Delahuerta\",\"url\":\"https:\\\/\\\/delahuerta.art\\\/ca\\\/\",\"logo\":{\"@type\":\"ImageObject\",\"inLanguage\":\"ca\",\"@id\":\"https:\\\/\\\/delahuerta.art\\\/ca\\\/#\\\/schema\\\/logo\\\/image\\\/\",\"url\":\"https:\\\/\\\/delahuerta.art\\\/wp-content\\\/uploads\\\/2024\\\/02\\\/delahuerta-logo.jpg\",\"contentUrl\":\"https:\\\/\\\/delahuerta.art\\\/wp-content\\\/uploads\\\/2024\\\/02\\\/delahuerta-logo.jpg\",\"width\":577,\"height\":192,\"caption\":\"Delahuerta\"},\"image\":{\"@id\":\"https:\\\/\\\/delahuerta.art\\\/ca\\\/#\\\/schema\\\/logo\\\/image\\\/\"},\"sameAs\":[\"https:\\\/\\\/www.instagram.com\\\/delahuerta.dj.panko\",\"https:\\\/\\\/soundcloud.com\\\/dj-panko\"]}]}<\/script>\n<!-- \/ Yoast SEO plugin. -->","yoast_head_json":{"title":"M\u00fasics - Delahuerta","robots":{"index":"index","follow":"follow","max-snippet":"max-snippet:-1","max-image-preview":"max-image-preview:large","max-video-preview":"max-video-preview:-1"},"canonical":"https:\/\/delahuerta.art\/ca\/musics\/","twitter_misc":{"Temps estimat de lectura":"6 minuts"},"schema":{"@context":"https:\/\/schema.org","@graph":[{"@type":"WebPage","@id":"https:\/\/delahuerta.art\/ca\/musics\/","url":"https:\/\/delahuerta.art\/ca\/musics\/","name":"M\u00fasics - Delahuerta","isPartOf":{"@id":"https:\/\/delahuerta.art\/ca\/#website"},"datePublished":"2024-03-25T10:15:02+00:00","dateModified":"2024-03-29T14:48:44+00:00","breadcrumb":{"@id":"https:\/\/delahuerta.art\/ca\/musics\/#breadcrumb"},"inLanguage":"ca","potentialAction":[{"@type":"ReadAction","target":["https:\/\/delahuerta.art\/ca\/musics\/"]}]},{"@type":"BreadcrumbList","@id":"https:\/\/delahuerta.art\/ca\/musics\/#breadcrumb","itemListElement":[{"@type":"ListItem","position":1,"name":"Portada","item":"https:\/\/delahuerta.art\/ca\/"},{"@type":"ListItem","position":2,"name":"M\u00fasics"}]},{"@type":"WebSite","@id":"https:\/\/delahuerta.art\/ca\/#website","url":"https:\/\/delahuerta.art\/ca\/","name":"Delahuerta","description":"","publisher":{"@id":"https:\/\/delahuerta.art\/ca\/#organization"},"potentialAction":[{"@type":"SearchAction","target":{"@type":"EntryPoint","urlTemplate":"https:\/\/delahuerta.art\/ca\/?s={search_term_string}"},"query-input":{"@type":"PropertyValueSpecification","valueRequired":true,"valueName":"search_term_string"}}],"inLanguage":"ca"},{"@type":"Organization","@id":"https:\/\/delahuerta.art\/ca\/#organization","name":"Delahuerta","url":"https:\/\/delahuerta.art\/ca\/","logo":{"@type":"ImageObject","inLanguage":"ca","@id":"https:\/\/delahuerta.art\/ca\/#\/schema\/logo\/image\/","url":"https:\/\/delahuerta.art\/wp-content\/uploads\/2024\/02\/delahuerta-logo.jpg","contentUrl":"https:\/\/delahuerta.art\/wp-content\/uploads\/2024\/02\/delahuerta-logo.jpg","width":577,"height":192,"caption":"Delahuerta"},"image":{"@id":"https:\/\/delahuerta.art\/ca\/#\/schema\/logo\/image\/"},"sameAs":["https:\/\/www.instagram.com\/delahuerta.dj.panko","https:\/\/soundcloud.com\/dj-panko"]}]}},"_links":{"self":[{"href":"https:\/\/delahuerta.art\/ca\/wp-json\/wp\/v2\/pages\/88","targetHints":{"allow":["GET"]}}],"collection":[{"href":"https:\/\/delahuerta.art\/ca\/wp-json\/wp\/v2\/pages"}],"about":[{"href":"https:\/\/delahuerta.art\/ca\/wp-json\/wp\/v2\/types\/page"}],"author":[{"embeddable":true,"href":"https:\/\/delahuerta.art\/ca\/wp-json\/wp\/v2\/users\/1"}],"replies":[{"embeddable":true,"href":"https:\/\/delahuerta.art\/ca\/wp-json\/wp\/v2\/comments?post=88"}],"version-history":[{"count":4,"href":"https:\/\/delahuerta.art\/ca\/wp-json\/wp\/v2\/pages\/88\/revisions"}],"predecessor-version":[{"id":401,"href":"https:\/\/delahuerta.art\/ca\/wp-json\/wp\/v2\/pages\/88\/revisions\/401"}],"wp:attachment":[{"href":"https:\/\/delahuerta.art\/ca\/wp-json\/wp\/v2\/media?parent=88"}],"curies":[{"name":"wp","href":"https:\/\/api.w.org\/{rel}","templated":true}]}}